{"id":101104,"date":"2026-02-21T23:38:29","date_gmt":"2026-02-21T23:38:29","guid":{"rendered":"http:\/\/matchbaits.pt\/?post_type=product&#038;p=101104"},"modified":"2026-03-04T14:37:24","modified_gmt":"2026-03-04T14:37:24","slug":"stora-pulla-bung-winders","status":"publish","type":"product","link":"https:\/\/sopesca.pt\/fr\/produit\/stora-pulla-bung-winders\/","title":{"rendered":"Stora Pulla Bung &#038; Winders"},"content":{"rendered":"<p>Stora Pulla Bung &amp; Winders O Stora-Pulla Bung tem-se desenvolvido para permitir-lhe a vantagem de um Pulla Bung e ainda poder ajustar a tens\u00e3o do seu el\u00e1stico. Tamb\u00e9m dispon\u00edvel em um pacote duplo para que voc\u00ea possa usar o sistema em qualquer kit Pulla j\u00e1 montadopor voc\u00ea.<\/p>","protected":false},"excerpt":{"rendered":"<p>Stora Pulla Bung &amp; Winders O Stora-Pulla Bung tem-se desenvolvido para permitir-lhe a vantagem de um Pulla Bung e ainda poder ajustar a tens\u00e3o do seu el\u00e1stico. Tamb\u00e9m dispon\u00edvel em um pacote duplo para que voc\u00ea possa usar o sistema em qualquer kit Pulla j\u00e1 montadopor voc\u00ea.<\/p>","protected":false},"featured_media":50709,"comment_status":"open","ping_status":"closed","template":"","meta":{"_acf_changed":false},"product_brand":[153],"product_cat":[2276,2275],"product_tag":[],"class_list":{"0":"post-101104","1":"product","2":"type-product","3":"status-publish","4":"has-post-thumbnail","6":"product_brand-preston","7":"product_cat-canas-acessorios","8":"product_cat-canas-acessorios-elasticos-acessorios","10":"first","11":"instock","12":"shipping-taxable","13":"purchasable","14":"product-type-variable"},"acf":[],"_links":{"self":[{"href":"https:\/\/sopesca.pt\/fr\/wp-json\/wp\/v2\/product\/101104","targetHints":{"allow":["GET"]}}],"collection":[{"href":"https:\/\/sopesca.pt\/fr\/wp-json\/wp\/v2\/product"}],"about":[{"href":"https:\/\/sopesca.pt\/fr\/wp-json\/wp\/v2\/types\/product"}],"replies":[{"embeddable":true,"href":"https:\/\/sopesca.pt\/fr\/wp-json\/wp\/v2\/comments?post=101104"}],"wp:featuredmedia":[{"embeddable":true,"href":"https:\/\/sopesca.pt\/fr\/wp-json\/wp\/v2\/media\/50709"}],"wp:attachment":[{"href":"https:\/\/sopesca.pt\/fr\/wp-json\/wp\/v2\/media?parent=101104"}],"wp:term":[{"taxonomy":"product_brand","embeddable":true,"href":"https:\/\/sopesca.pt\/fr\/wp-json\/wp\/v2\/product_brand?post=101104"},{"taxonomy":"product_cat","embeddable":true,"href":"https:\/\/sopesca.pt\/fr\/wp-json\/wp\/v2\/product_cat?post=101104"},{"taxonomy":"product_tag","embeddable":true,"href":"https:\/\/sopesca.pt\/fr\/wp-json\/wp\/v2\/product_tag?post=101104"}],"curies":[{"name":"wp","href":"https:\/\/api.w.org\/{rel}","templated":true}]}}