{"id":101139,"date":"2026-02-21T23:38:35","date_gmt":"2026-02-21T23:38:35","guid":{"rendered":"http:\/\/matchbaits.pt\/?post_type=product&#038;p=101139"},"modified":"2026-04-27T19:35:39","modified_gmt":"2026-04-27T19:35:39","slug":"aromix","status":"publish","type":"product","link":"https:\/\/sopesca.pt\/fr\/produit\/aromix\/","title":{"rendered":"Aromix"},"content":{"rendered":"<h2>Sensas Aromix<\/h2>\n<p>&nbsp;<\/p>\n<p>Este aditivo \u00e9 na forma de um l\u00edquido concentrado, ele deve ser adicionado \u00e0 sua \u00e1gua de mistura entre 10 a 20%.<\/p>\n<p>Dosagem de Sensas Aromix: Use um quarto de garrafa para um litro de \u00e1gua. Em correntes fortes, aumentar para meia garrafa por litro de \u00e1gua. Os aromatizantes l\u00edquidos e aditivos impregnam os groundbaits at\u00e9 ao n\u00facleo e ajudam a manter os peixes interessados e activos durante um longo per\u00edodo de tempo. Aditivos em p\u00f3 dispersam muito mais rapidamente e funcionam melhor quando adicionados a uma mistura no \u00faltimo momento. Idealmente, voc\u00ea deve usar um aditivo em p\u00f3 para desenhar peixes rapidamente acoplado com um l\u00edquido aditivo misturado atrav\u00e9s do groundbait para mant\u00ea-los em sua nadar por mais tempo.<\/p>","protected":false},"excerpt":{"rendered":"<p>Sensas Aromix &nbsp; Este aditivo \u00e9 na forma de um l\u00edquido concentrado, ele deve ser adicionado \u00e0 sua \u00e1gua de mistura entre 10 a 20%. Dosagem de Sensas Aromix: Use um quarto de garrafa para um litro de \u00e1gua. Em correntes fortes, aumentar para meia garrafa por litro de \u00e1gua. Os aromatizantes l\u00edquidos e aditivos [&hellip;]<\/p>\n","protected":false},"featured_media":25027,"comment_status":"open","ping_status":"closed","template":"","meta":{"_acf_changed":false},"product_brand":[110],"product_cat":[5495,5491],"product_tag":[],"class_list":{"0":"post-101139","1":"product","2":"type-product","3":"status-publish","4":"has-post-thumbnail","6":"product_brand-sensas","7":"product_cat-engodo-terra-aditivo-aditivos","8":"product_cat-engodo-terra-aditivo","10":"first","11":"instock","12":"shipping-taxable","13":"purchasable","14":"product-type-variable"},"acf":[],"_links":{"self":[{"href":"https:\/\/sopesca.pt\/fr\/wp-json\/wp\/v2\/product\/101139","targetHints":{"allow":["GET"]}}],"collection":[{"href":"https:\/\/sopesca.pt\/fr\/wp-json\/wp\/v2\/product"}],"about":[{"href":"https:\/\/sopesca.pt\/fr\/wp-json\/wp\/v2\/types\/product"}],"replies":[{"embeddable":true,"href":"https:\/\/sopesca.pt\/fr\/wp-json\/wp\/v2\/comments?post=101139"}],"wp:featuredmedia":[{"embeddable":true,"href":"https:\/\/sopesca.pt\/fr\/wp-json\/wp\/v2\/media\/25027"}],"wp:attachment":[{"href":"https:\/\/sopesca.pt\/fr\/wp-json\/wp\/v2\/media?parent=101139"}],"wp:term":[{"taxonomy":"product_brand","embeddable":true,"href":"https:\/\/sopesca.pt\/fr\/wp-json\/wp\/v2\/product_brand?post=101139"},{"taxonomy":"product_cat","embeddable":true,"href":"https:\/\/sopesca.pt\/fr\/wp-json\/wp\/v2\/product_cat?post=101139"},{"taxonomy":"product_tag","embeddable":true,"href":"https:\/\/sopesca.pt\/fr\/wp-json\/wp\/v2\/product_tag?post=101139"}],"curies":[{"name":"wp","href":"https:\/\/api.w.org\/{rel}","templated":true}]}}