{"id":101433,"date":"2026-02-21T23:39:42","date_gmt":"2026-02-21T23:39:42","guid":{"rendered":"http:\/\/matchbaits.pt\/?post_type=product&#038;p=101433"},"modified":"2026-03-11T11:32:15","modified_gmt":"2026-03-11T11:32:15","slug":"lwgf","status":"publish","type":"product","link":"https:\/\/sopesca.pt\/fr\/produit\/lwgf\/","title":{"rendered":"LWGF"},"content":{"rendered":"<p>LWGF<\/p>\n<p>Com o ressurgimento da popularidade da pesca nas \u00e1guas naturais, o Guru tem trabalhado para desenvolver o anzol perfeito para situa\u00e7\u00f5es mais exigentes, onde a apresenta\u00e7\u00e3o ainda \u00e9 chave. O resultado final \u00e9 o anzol LWGF &#8211; o alimentador Light Gape largo.<\/p>\n<p>Desenvolvido para lidar com grandes lagos, reservat\u00f3rios, rios e canais no Reino Unido e na Europa, \u00e9 o padr\u00e3o perfeito para bremas, skimmers, h\u00edbridos, chub, perch, tench, carpas menores e esp\u00e9cies similares.<\/p>\n<p>\u00c9 tamb\u00e9m um performer vers\u00e1til e pode ser usado em v\u00e1rios tipos de pesca. Dispon\u00edvel nos tamanhos 10-20 apenas em formato de farfalha.<\/p>","protected":false},"excerpt":{"rendered":"<p>LWGF Com o ressurgimento da popularidade da pesca nas \u00e1guas naturais, o Guru tem trabalhado para desenvolver o anzol perfeito para situa\u00e7\u00f5es mais exigentes, onde a apresenta\u00e7\u00e3o ainda \u00e9 chave. O resultado final \u00e9 o anzol LWGF &#8211; o alimentador Light Gape largo. Desenvolvido para lidar com grandes lagos, reservat\u00f3rios, rios e canais no Reino [&hellip;]<\/p>\n","protected":false},"featured_media":25415,"comment_status":"open","ping_status":"closed","template":"","meta":{"_acf_changed":false},"product_brand":[598],"product_cat":[2289,2290],"product_tag":[],"class_list":{"0":"post-101433","1":"product","2":"type-product","3":"status-publish","4":"has-post-thumbnail","6":"product_brand-guru","7":"product_cat-fios-anzois-anzois-p-rio","8":"product_cat-fios-anzois","10":"first","11":"instock","12":"shipping-taxable","13":"purchasable","14":"product-type-variable"},"acf":[],"_links":{"self":[{"href":"https:\/\/sopesca.pt\/fr\/wp-json\/wp\/v2\/product\/101433","targetHints":{"allow":["GET"]}}],"collection":[{"href":"https:\/\/sopesca.pt\/fr\/wp-json\/wp\/v2\/product"}],"about":[{"href":"https:\/\/sopesca.pt\/fr\/wp-json\/wp\/v2\/types\/product"}],"replies":[{"embeddable":true,"href":"https:\/\/sopesca.pt\/fr\/wp-json\/wp\/v2\/comments?post=101433"}],"wp:featuredmedia":[{"embeddable":true,"href":"https:\/\/sopesca.pt\/fr\/wp-json\/wp\/v2\/media\/25415"}],"wp:attachment":[{"href":"https:\/\/sopesca.pt\/fr\/wp-json\/wp\/v2\/media?parent=101433"}],"wp:term":[{"taxonomy":"product_brand","embeddable":true,"href":"https:\/\/sopesca.pt\/fr\/wp-json\/wp\/v2\/product_brand?post=101433"},{"taxonomy":"product_cat","embeddable":true,"href":"https:\/\/sopesca.pt\/fr\/wp-json\/wp\/v2\/product_cat?post=101433"},{"taxonomy":"product_tag","embeddable":true,"href":"https:\/\/sopesca.pt\/fr\/wp-json\/wp\/v2\/product_tag?post=101433"}],"curies":[{"name":"wp","href":"https:\/\/api.w.org\/{rel}","templated":true}]}}