{"id":101672,"date":"2026-02-21T23:40:33","date_gmt":"2026-02-21T23:40:33","guid":{"rendered":"http:\/\/matchbaits.pt\/?post_type=product&#038;p=101672"},"modified":"2026-03-11T11:06:38","modified_gmt":"2026-03-11T11:06:38","slug":"drain-cupping-kit","status":"publish","type":"product","link":"https:\/\/sopesca.pt\/fr\/produit\/drain-cupping-kit\/","title":{"rendered":"Drain Cupping Kit"},"content":{"rendered":"<h1><strong>Drain Cupping Kit<\/strong><\/h1>\n<p>&nbsp;<\/p>\n<p>Kit de coloca\u00e7\u00e3o com dois est\u00e1gios e fundo perfurado, estudado por Ferruccio Gabba para permitir uma engodagem mais silenciosa e efetiva.<\/p>","protected":false},"excerpt":{"rendered":"<p>Drain Cupping Kit &nbsp; Kit de coloca\u00e7\u00e3o com dois est\u00e1gios e fundo perfurado, estudado por Ferruccio Gabba para permitir uma engodagem mais silenciosa e efetiva.<\/p>","protected":false},"featured_media":50911,"comment_status":"open","ping_status":"closed","template":"","meta":{"_acf_changed":false},"product_brand":[112],"product_cat":[2276,2344],"product_tag":[],"class_list":{"0":"post-101672","1":"product","2":"type-product","3":"status-publish","4":"has-post-thumbnail","6":"product_brand-tubertini","7":"product_cat-canas-acessorios","8":"product_cat-canas-acessorios-francesa-copos","10":"first","11":"instock","12":"shipping-taxable","13":"purchasable","14":"product-type-variable"},"acf":[],"_links":{"self":[{"href":"https:\/\/sopesca.pt\/fr\/wp-json\/wp\/v2\/product\/101672","targetHints":{"allow":["GET"]}}],"collection":[{"href":"https:\/\/sopesca.pt\/fr\/wp-json\/wp\/v2\/product"}],"about":[{"href":"https:\/\/sopesca.pt\/fr\/wp-json\/wp\/v2\/types\/product"}],"replies":[{"embeddable":true,"href":"https:\/\/sopesca.pt\/fr\/wp-json\/wp\/v2\/comments?post=101672"}],"wp:featuredmedia":[{"embeddable":true,"href":"https:\/\/sopesca.pt\/fr\/wp-json\/wp\/v2\/media\/50911"}],"wp:attachment":[{"href":"https:\/\/sopesca.pt\/fr\/wp-json\/wp\/v2\/media?parent=101672"}],"wp:term":[{"taxonomy":"product_brand","embeddable":true,"href":"https:\/\/sopesca.pt\/fr\/wp-json\/wp\/v2\/product_brand?post=101672"},{"taxonomy":"product_cat","embeddable":true,"href":"https:\/\/sopesca.pt\/fr\/wp-json\/wp\/v2\/product_cat?post=101672"},{"taxonomy":"product_tag","embeddable":true,"href":"https:\/\/sopesca.pt\/fr\/wp-json\/wp\/v2\/product_tag?post=101672"}],"curies":[{"name":"wp","href":"https:\/\/api.w.org\/{rel}","templated":true}]}}