{"id":101682,"date":"2026-02-21T23:40:33","date_gmt":"2026-02-21T23:40:33","guid":{"rendered":"http:\/\/matchbaits.pt\/?post_type=product&#038;p=101682"},"modified":"2026-03-04T22:51:38","modified_gmt":"2026-03-04T22:51:38","slug":"spade","status":"publish","type":"product","link":"https:\/\/sopesca.pt\/fr\/produit\/spade\/","title":{"rendered":"Spade"},"content":{"rendered":"<h2>Spade<\/h2>\n<p>&nbsp;<\/p>\n<p>B\u00f3ia montada pela equipe Ravanelli, feita de balsa com uma antena paralela \u00e0 deriva. Particularmente adequado para correntes de m\u00e9dia e r\u00e1pida para pegar a pesca na presen\u00e7a de correntes moduladas.<\/p>","protected":false},"excerpt":{"rendered":"<p>Spade &nbsp; B\u00f3ia montada pela equipe Ravanelli, feita de balsa com uma antena paralela \u00e0 deriva. Particularmente adequado para correntes de m\u00e9dia e r\u00e1pida para pegar a pesca na presen\u00e7a de correntes moduladas.<\/p>","protected":false},"featured_media":50207,"comment_status":"open","ping_status":"closed","template":"","meta":{"_acf_changed":false},"product_brand":[134],"product_cat":[2267,2266],"product_tag":[],"class_list":{"0":"post-101682","1":"product","2":"type-product","3":"status-publish","4":"has-post-thumbnail","6":"product_brand-trabucco","7":"product_cat-boias","8":"product_cat-boias-francesa","10":"first","11":"instock","12":"shipping-taxable","13":"purchasable","14":"product-type-variable"},"acf":[],"_links":{"self":[{"href":"https:\/\/sopesca.pt\/fr\/wp-json\/wp\/v2\/product\/101682","targetHints":{"allow":["GET"]}}],"collection":[{"href":"https:\/\/sopesca.pt\/fr\/wp-json\/wp\/v2\/product"}],"about":[{"href":"https:\/\/sopesca.pt\/fr\/wp-json\/wp\/v2\/types\/product"}],"replies":[{"embeddable":true,"href":"https:\/\/sopesca.pt\/fr\/wp-json\/wp\/v2\/comments?post=101682"}],"wp:featuredmedia":[{"embeddable":true,"href":"https:\/\/sopesca.pt\/fr\/wp-json\/wp\/v2\/media\/50207"}],"wp:attachment":[{"href":"https:\/\/sopesca.pt\/fr\/wp-json\/wp\/v2\/media?parent=101682"}],"wp:term":[{"taxonomy":"product_brand","embeddable":true,"href":"https:\/\/sopesca.pt\/fr\/wp-json\/wp\/v2\/product_brand?post=101682"},{"taxonomy":"product_cat","embeddable":true,"href":"https:\/\/sopesca.pt\/fr\/wp-json\/wp\/v2\/product_cat?post=101682"},{"taxonomy":"product_tag","embeddable":true,"href":"https:\/\/sopesca.pt\/fr\/wp-json\/wp\/v2\/product_tag?post=101682"}],"curies":[{"name":"wp","href":"https:\/\/api.w.org\/{rel}","templated":true}]}}