{"id":102037,"date":"2026-02-21T23:41:45","date_gmt":"2026-02-21T23:41:45","guid":{"rendered":"http:\/\/matchbaits.pt\/?post_type=product&#038;p=102037"},"modified":"2026-04-20T11:42:31","modified_gmt":"2026-04-20T11:42:31","slug":"mf-xl-carbon","status":"publish","type":"product","link":"https:\/\/sopesca.pt\/fr\/produit\/mf-xl-carbon\/","title":{"rendered":"MF XL CARBON"},"content":{"rendered":"<h2>MF XL CARBON<\/h2>\n<p>&nbsp;<\/p>\n<p>PERFEI\u00c7\u00c3O \u00e9 a palavra que encontro para descrever este produto.<br \/>\nDepois de alguns meses a fazer experi\u00eancias e sempre a procurar corrigir o que estava errado nos prot\u00f3tipos \u00e9 com um orgulho imenso que apresento uma das MELHORES boias inglesas concebidas at\u00e9 hoje para a pesca fixa.<br \/>\n\u00c9 uma boia extremamente sens\u00edvel e est\u00e1vel.<br \/>\nO seu corpo elaborado em BALSA e CARBONO juntamente com uma antena OCA(para melhor visibilidade) conferem lhe um comprimento de 70cms garantindo lhe assim caracter\u00edsticas \u00fanicas tanto no lan\u00e7amento como no comportamento dentro de \u00e1gua em a\u00e7\u00e3o de pesca.<\/p>\n<p>Gramagens de 18 \/ 20 \/ 22 \/ 25 \/ 30g<br \/>\nDisponiveis para entrega imediata para toda a EUROPA<\/p>","protected":false},"excerpt":{"rendered":"<p>MF XL CARBON &nbsp; PERFEI\u00c7\u00c3O \u00e9 a palavra que encontro para descrever este produto. Depois de alguns meses a fazer experi\u00eancias e sempre a procurar corrigir o que estava errado nos prot\u00f3tipos \u00e9 com um orgulho imenso que apresento uma das MELHORES boias inglesas concebidas at\u00e9 hoje para a pesca fixa. \u00c9 uma boia extremamente [&hellip;]<\/p>\n","protected":false},"featured_media":108640,"comment_status":"open","ping_status":"closed","template":"","meta":{"_acf_changed":false},"product_brand":[2814,704],"product_cat":[2267,2306],"product_tag":[],"class_list":{"0":"post-102037","1":"product","2":"type-product","3":"status-publish","4":"has-post-thumbnail","6":"product_brand-matchbaits","7":"product_brand-matchfloat","8":"product_cat-boias","9":"product_cat-boias-inglesa","11":"first","12":"instock","13":"shipping-taxable","14":"purchasable","15":"product-type-variable"},"acf":[],"_links":{"self":[{"href":"https:\/\/sopesca.pt\/fr\/wp-json\/wp\/v2\/product\/102037","targetHints":{"allow":["GET"]}}],"collection":[{"href":"https:\/\/sopesca.pt\/fr\/wp-json\/wp\/v2\/product"}],"about":[{"href":"https:\/\/sopesca.pt\/fr\/wp-json\/wp\/v2\/types\/product"}],"replies":[{"embeddable":true,"href":"https:\/\/sopesca.pt\/fr\/wp-json\/wp\/v2\/comments?post=102037"}],"wp:featuredmedia":[{"embeddable":true,"href":"https:\/\/sopesca.pt\/fr\/wp-json\/wp\/v2\/media\/108640"}],"wp:attachment":[{"href":"https:\/\/sopesca.pt\/fr\/wp-json\/wp\/v2\/media?parent=102037"}],"wp:term":[{"taxonomy":"product_brand","embeddable":true,"href":"https:\/\/sopesca.pt\/fr\/wp-json\/wp\/v2\/product_brand?post=102037"},{"taxonomy":"product_cat","embeddable":true,"href":"https:\/\/sopesca.pt\/fr\/wp-json\/wp\/v2\/product_cat?post=102037"},{"taxonomy":"product_tag","embeddable":true,"href":"https:\/\/sopesca.pt\/fr\/wp-json\/wp\/v2\/product_tag?post=102037"}],"curies":[{"name":"wp","href":"https:\/\/api.w.org\/{rel}","templated":true}]}}