{"id":102515,"date":"2026-02-21T23:43:27","date_gmt":"2026-02-21T23:43:27","guid":{"rendered":"http:\/\/matchbaits.pt\/?post_type=product&#038;p=102515"},"modified":"2026-03-04T22:58:08","modified_gmt":"2026-03-04T22:58:08","slug":"racer-sweetcorn-fine-1kg","status":"publish","type":"product","link":"https:\/\/sopesca.pt\/fr\/produit\/racer-sweetcorn-fine-1kg\/","title":{"rendered":"Racer Sweetcorn Fine 1KG"},"content":{"rendered":"<h2>Serie Walter Racer Sweetcorn Fine 1KG<\/h2>\n<p>&nbsp;<\/p>\n<p>A nova s\u00e9rie Serie Walter Racer \u00e9 um dos membros mais vendidos da fam\u00edlia de engodos Racer. A sua composi\u00e7\u00e3o \u00e9 muito semelhante ao Panettone Carp, mas sua cor \u00e9 muito mais amarela e seu aroma \u00e9 naturalmente doce.<\/p>\n<p>O alvo \u00e9 claramente as carpa. O tamanho de part\u00edcula, a riqueza, as sementes oleaginosas esmagadas \/ mo\u00eddas servem ao mesmo prop\u00f3sito: manter as carpas no nosso pesqueiro mas, ao mesmo tempo, n\u00e3o sobrecarregamos o peixe com ela. Tamb\u00e9m pode ser usado em \u00e1gua fria.<\/p>\n<p>Amarelo \u00e9 misturado em cores. Seu sabor \u00e9 doce devido \u00e0 grande quantidade de conte\u00fado de gengibre. Temperatura recomendada da \u00e1gua acima de 8 graus Celsius.<\/p>\n<p>Aditivos recomendados: pinki, oscillus sufocado, milho, c\u00e2nhamo.<\/p>\n<p>Tem um tamanho de gr\u00e3o mais fino para SweetCorn normal, que serve para \u00e1gua fria ou peixe mal alimentado.<\/p>","protected":false},"excerpt":{"rendered":"<p>Serie Walter Racer Sweetcorn Fine 1KG &nbsp; A nova s\u00e9rie Serie Walter Racer \u00e9 um dos membros mais vendidos da fam\u00edlia de engodos Racer. A sua composi\u00e7\u00e3o \u00e9 muito semelhante ao Panettone Carp, mas sua cor \u00e9 muito mais amarela e seu aroma \u00e9 naturalmente doce. O alvo \u00e9 claramente as carpa. O tamanho de [&hellip;]<\/p>\n","protected":false},"featured_media":50315,"comment_status":"open","ping_status":"closed","template":"","meta":{"_acf_changed":false},"product_brand":[779],"product_cat":[5494,5491],"product_tag":[],"class_list":{"0":"post-102515","1":"product","2":"type-product","3":"status-publish","4":"has-post-thumbnail","6":"product_brand-serie-walter","7":"product_cat-engodo-terra-aditivos-engodo","8":"product_cat-engodo-terra-aditivo","10":"first","11":"instock","12":"shipping-taxable","13":"product-type-variable"},"acf":[],"_links":{"self":[{"href":"https:\/\/sopesca.pt\/fr\/wp-json\/wp\/v2\/product\/102515","targetHints":{"allow":["GET"]}}],"collection":[{"href":"https:\/\/sopesca.pt\/fr\/wp-json\/wp\/v2\/product"}],"about":[{"href":"https:\/\/sopesca.pt\/fr\/wp-json\/wp\/v2\/types\/product"}],"replies":[{"embeddable":true,"href":"https:\/\/sopesca.pt\/fr\/wp-json\/wp\/v2\/comments?post=102515"}],"wp:featuredmedia":[{"embeddable":true,"href":"https:\/\/sopesca.pt\/fr\/wp-json\/wp\/v2\/media\/50315"}],"wp:attachment":[{"href":"https:\/\/sopesca.pt\/fr\/wp-json\/wp\/v2\/media?parent=102515"}],"wp:term":[{"taxonomy":"product_brand","embeddable":true,"href":"https:\/\/sopesca.pt\/fr\/wp-json\/wp\/v2\/product_brand?post=102515"},{"taxonomy":"product_cat","embeddable":true,"href":"https:\/\/sopesca.pt\/fr\/wp-json\/wp\/v2\/product_cat?post=102515"},{"taxonomy":"product_tag","embeddable":true,"href":"https:\/\/sopesca.pt\/fr\/wp-json\/wp\/v2\/product_tag?post=102515"}],"curies":[{"name":"wp","href":"https:\/\/api.w.org\/{rel}","templated":true}]}}