{"id":102577,"date":"2026-02-21T23:43:38","date_gmt":"2026-02-21T23:43:38","guid":{"rendered":"http:\/\/matchbaits.pt\/produto\/bourriche-sensas-mega-challenge-repliable\/"},"modified":"2026-02-23T17:41:17","modified_gmt":"2026-02-23T17:41:17","slug":"bourriche-sensas-mega-challenge-repliable","status":"publish","type":"product","link":"https:\/\/sopesca.pt\/fr\/produit\/bourriche-sensas-mega-challenge-repliable\/","title":{"rendered":"Bourriche sensas mega challenge repliable"},"content":{"rendered":"<h2>Bourriche sensas mega challenge repliable<\/h2>\n<p>&nbsp;<\/p>\n<p>Manga com cabe\u00e7a dobr\u00e1vel para armazenamento ideal no seu interior. Uma vez desdobrada, esta rede de grande abertura, poupar\u00e1 muito tempo ao colocar o peixe!<\/p>\n<p>Micro malha de malha: para peixe branco e carpas.<\/p>","protected":false},"excerpt":{"rendered":"<p>Bourriche sensas mega challenge repliable &nbsp; Manga com cabe\u00e7a dobr\u00e1vel para armazenamento ideal no seu interior. Uma vez desdobrada, esta rede de grande abertura, poupar\u00e1 muito tempo ao colocar o peixe! Micro malha de malha: para peixe branco e carpas.<\/p>","protected":false},"featured_media":25535,"comment_status":"open","ping_status":"closed","template":"","meta":{"_acf_changed":false},"product_brand":[110],"product_cat":[2318,5489],"product_tag":[],"class_list":{"0":"post-102577","1":"product","2":"type-product","3":"status-publish","4":"has-post-thumbnail","6":"product_brand-sensas","7":"product_cat-redes-guarda-chuvas-mangas","8":"product_cat-redes-guarda-chuvas","10":"first","11":"instock","12":"shipping-taxable","13":"purchasable","14":"product-type-simple"},"acf":[],"_links":{"self":[{"href":"https:\/\/sopesca.pt\/fr\/wp-json\/wp\/v2\/product\/102577","targetHints":{"allow":["GET"]}}],"collection":[{"href":"https:\/\/sopesca.pt\/fr\/wp-json\/wp\/v2\/product"}],"about":[{"href":"https:\/\/sopesca.pt\/fr\/wp-json\/wp\/v2\/types\/product"}],"replies":[{"embeddable":true,"href":"https:\/\/sopesca.pt\/fr\/wp-json\/wp\/v2\/comments?post=102577"}],"wp:featuredmedia":[{"embeddable":true,"href":"https:\/\/sopesca.pt\/fr\/wp-json\/wp\/v2\/media\/25535"}],"wp:attachment":[{"href":"https:\/\/sopesca.pt\/fr\/wp-json\/wp\/v2\/media?parent=102577"}],"wp:term":[{"taxonomy":"product_brand","embeddable":true,"href":"https:\/\/sopesca.pt\/fr\/wp-json\/wp\/v2\/product_brand?post=102577"},{"taxonomy":"product_cat","embeddable":true,"href":"https:\/\/sopesca.pt\/fr\/wp-json\/wp\/v2\/product_cat?post=102577"},{"taxonomy":"product_tag","embeddable":true,"href":"https:\/\/sopesca.pt\/fr\/wp-json\/wp\/v2\/product_tag?post=102577"}],"curies":[{"name":"wp","href":"https:\/\/api.w.org\/{rel}","templated":true}]}}