{"id":103240,"date":"2026-02-21T23:45:51","date_gmt":"2026-02-21T23:45:51","guid":{"rendered":"http:\/\/matchbaits.pt\/?post_type=product&#038;p=103240"},"modified":"2026-04-13T09:57:54","modified_gmt":"2026-04-13T09:57:54","slug":"mf-slider-carbon","status":"publish","type":"product","link":"https:\/\/sopesca.pt\/fr\/produit\/mf-slider-carbon\/","title":{"rendered":"MF Slider Carbon"},"content":{"rendered":"<h2>MatchFloat Slider Carbon<\/h2>\n<p>&nbsp;<\/p>\n<p>Esta boia supera qualquer espetativa que possa ter.<\/p>\n<p>Tem o corpo em balsa e antena em carbono para maior estabilidade, principalmente\u00a0em dias de vento. Al\u00e9m disto \u00e9\u00a0uma boia extremamente sens\u00edvel e est\u00e1vel.<\/p>\n<p>Permite a pesca de slider tanto a pequenas como m\u00e9dias dist\u00e2ncias com alta precis\u00e3o de lan\u00e7amento.<\/p>","protected":false},"excerpt":{"rendered":"<p>MatchFloat Slider Carbon &nbsp; Esta boia supera qualquer espetativa que possa ter. Tem o corpo em balsa e antena em carbono para maior estabilidade, principalmente\u00a0em dias de vento. Al\u00e9m disto \u00e9\u00a0uma boia extremamente sens\u00edvel e est\u00e1vel. Permite a pesca de slider tanto a pequenas como m\u00e9dias dist\u00e2ncias com alta precis\u00e3o de lan\u00e7amento.<\/p>","protected":false},"featured_media":108642,"comment_status":"open","ping_status":"closed","template":"","meta":{"_acf_changed":false},"product_brand":[2814,704],"product_cat":[2267,2306],"product_tag":[],"class_list":{"0":"post-103240","1":"product","2":"type-product","3":"status-publish","4":"has-post-thumbnail","6":"product_brand-matchbaits","7":"product_brand-matchfloat","8":"product_cat-boias","9":"product_cat-boias-inglesa","11":"first","12":"instock","13":"shipping-taxable","14":"purchasable","15":"product-type-variable"},"acf":[],"_links":{"self":[{"href":"https:\/\/sopesca.pt\/fr\/wp-json\/wp\/v2\/product\/103240","targetHints":{"allow":["GET"]}}],"collection":[{"href":"https:\/\/sopesca.pt\/fr\/wp-json\/wp\/v2\/product"}],"about":[{"href":"https:\/\/sopesca.pt\/fr\/wp-json\/wp\/v2\/types\/product"}],"replies":[{"embeddable":true,"href":"https:\/\/sopesca.pt\/fr\/wp-json\/wp\/v2\/comments?post=103240"}],"wp:featuredmedia":[{"embeddable":true,"href":"https:\/\/sopesca.pt\/fr\/wp-json\/wp\/v2\/media\/108642"}],"wp:attachment":[{"href":"https:\/\/sopesca.pt\/fr\/wp-json\/wp\/v2\/media?parent=103240"}],"wp:term":[{"taxonomy":"product_brand","embeddable":true,"href":"https:\/\/sopesca.pt\/fr\/wp-json\/wp\/v2\/product_brand?post=103240"},{"taxonomy":"product_cat","embeddable":true,"href":"https:\/\/sopesca.pt\/fr\/wp-json\/wp\/v2\/product_cat?post=103240"},{"taxonomy":"product_tag","embeddable":true,"href":"https:\/\/sopesca.pt\/fr\/wp-json\/wp\/v2\/product_tag?post=103240"}],"curies":[{"name":"wp","href":"https:\/\/api.w.org\/{rel}","templated":true}]}}