{"id":103449,"date":"2026-02-21T23:46:39","date_gmt":"2026-02-21T23:46:39","guid":{"rendered":"http:\/\/matchbaits.pt\/?post_type=product&#038;p=103449"},"modified":"2026-03-23T14:37:00","modified_gmt":"2026-03-23T14:37:00","slug":"fusion-xl-carryall","status":"publish","type":"product","link":"https:\/\/sopesca.pt\/fr\/produit\/fusion-xl-carryall\/","title":{"rendered":"Fusion XL Carryall"},"content":{"rendered":"<h2>Fusion XL Carryall<\/h2>\n<p>&nbsp;<\/p>\n<p>Com uma grande procura por um saco de bagagem maior, que permita levar rolos, pernas de panier, ferros, bra\u00e7os de feeder, entre muitos outros utens\u00edlios, surge o <strong>XL Carryall<\/strong>. Permite levar os maiores rolos da Rive e de outros fabricantes com facilidade.<\/p>\n<p>Al\u00e9m disso, h\u00e1 bolsos internos e dois bolsos frontais\u00a0exteriores para levar\u00a0ainda mais acess\u00f3rios!<\/p>","protected":false},"excerpt":{"rendered":"<p>Fusion XL Carryall &nbsp; Com uma grande procura por um saco de bagagem maior, que permita levar rolos, pernas de panier, ferros, bra\u00e7os de feeder, entre muitos outros utens\u00edlios, surge o XL Carryall. Permite levar os maiores rolos da Rive e de outros fabricantes com facilidade. Al\u00e9m disso, h\u00e1 bolsos internos e dois bolsos frontais\u00a0exteriores [&hellip;]<\/p>\n","protected":false},"featured_media":50178,"comment_status":"open","ping_status":"closed","template":"","meta":{"_acf_changed":false},"product_brand":[598],"product_cat":[2328,2324],"product_tag":[],"class_list":{"0":"post-103449","1":"product","2":"type-product","3":"status-publish","4":"has-post-thumbnail","6":"product_brand-guru","7":"product_cat-sacos-alcofas-alcofas","8":"product_cat-sacos-alcofas","10":"first","11":"outofstock","12":"shipping-taxable","13":"purchasable","14":"product-type-variable"},"acf":[],"_links":{"self":[{"href":"https:\/\/sopesca.pt\/fr\/wp-json\/wp\/v2\/product\/103449","targetHints":{"allow":["GET"]}}],"collection":[{"href":"https:\/\/sopesca.pt\/fr\/wp-json\/wp\/v2\/product"}],"about":[{"href":"https:\/\/sopesca.pt\/fr\/wp-json\/wp\/v2\/types\/product"}],"replies":[{"embeddable":true,"href":"https:\/\/sopesca.pt\/fr\/wp-json\/wp\/v2\/comments?post=103449"}],"wp:featuredmedia":[{"embeddable":true,"href":"https:\/\/sopesca.pt\/fr\/wp-json\/wp\/v2\/media\/50178"}],"wp:attachment":[{"href":"https:\/\/sopesca.pt\/fr\/wp-json\/wp\/v2\/media?parent=103449"}],"wp:term":[{"taxonomy":"product_brand","embeddable":true,"href":"https:\/\/sopesca.pt\/fr\/wp-json\/wp\/v2\/product_brand?post=103449"},{"taxonomy":"product_cat","embeddable":true,"href":"https:\/\/sopesca.pt\/fr\/wp-json\/wp\/v2\/product_cat?post=103449"},{"taxonomy":"product_tag","embeddable":true,"href":"https:\/\/sopesca.pt\/fr\/wp-json\/wp\/v2\/product_tag?post=103449"}],"curies":[{"name":"wp","href":"https:\/\/api.w.org\/{rel}","templated":true}]}}