{"id":103682,"date":"2026-02-21T23:47:31","date_gmt":"2026-02-21T23:47:31","guid":{"rendered":"http:\/\/matchbaits.pt\/?post_type=product&#038;p=103682"},"modified":"2026-04-07T09:12:12","modified_gmt":"2026-04-07T09:12:12","slug":"dura-slip-hybrid-elastic","status":"publish","type":"product","link":"https:\/\/sopesca.pt\/fr\/produit\/dura-slip-hybrid-elastic\/","title":{"rendered":"Dura Slip Hybrid Elastic"},"content":{"rendered":"<h2>Preston Dura Slip Hybrid Elastic<\/h2>\n<p>&nbsp;<\/p>\n<p>Dispon\u00edvel em 8 tamanhos, Dura Slip Hybrid Elastic combina pot\u00eancia, durabilidade e elasticidade para criar o el\u00e1stico s\u00f3lido perfeito para uma ampla gama de esp\u00e9cies, incluindo F1 e carpa. O el\u00e1stico foi pr\u00e9-revestido com \u00f3leo deslizante, aumentando seu desempenho e melhorando ainda mais sua durabilidade, perfeito para locais de alta taxa de reten\u00e7\u00e3o onde os el\u00e1sticos s\u00f3lidos tradicionais podem falhar.<\/p>\n<p>Dispon\u00edvel em comprimentos de 3m<br \/>\nPr\u00e9-revestido com \u00f3leo deslizante para durabilidade e desempenho<br \/>\nDispon\u00edvel em 8 tamanhos populares<br \/>\nFator de alta elasticidade<\/p>","protected":false},"excerpt":{"rendered":"<p>Preston Dura Slip Hybrid Elastic &nbsp; Dispon\u00edvel em 8 tamanhos, Dura Slip Hybrid Elastic combina pot\u00eancia, durabilidade e elasticidade para criar o el\u00e1stico s\u00f3lido perfeito para uma ampla gama de esp\u00e9cies, incluindo F1 e carpa. O el\u00e1stico foi pr\u00e9-revestido com \u00f3leo deslizante, aumentando seu desempenho e melhorando ainda mais sua durabilidade, perfeito para locais de [&hellip;]<\/p>\n","protected":false},"featured_media":25229,"comment_status":"open","ping_status":"closed","template":"","meta":{"_acf_changed":false},"product_brand":[153],"product_cat":[2276,2275],"product_tag":[],"class_list":{"0":"post-103682","1":"product","2":"type-product","3":"status-publish","4":"has-post-thumbnail","6":"product_brand-preston","7":"product_cat-canas-acessorios","8":"product_cat-canas-acessorios-elasticos-acessorios","10":"first","11":"instock","12":"shipping-taxable","13":"purchasable","14":"product-type-variable"},"acf":[],"_links":{"self":[{"href":"https:\/\/sopesca.pt\/fr\/wp-json\/wp\/v2\/product\/103682","targetHints":{"allow":["GET"]}}],"collection":[{"href":"https:\/\/sopesca.pt\/fr\/wp-json\/wp\/v2\/product"}],"about":[{"href":"https:\/\/sopesca.pt\/fr\/wp-json\/wp\/v2\/types\/product"}],"replies":[{"embeddable":true,"href":"https:\/\/sopesca.pt\/fr\/wp-json\/wp\/v2\/comments?post=103682"}],"wp:featuredmedia":[{"embeddable":true,"href":"https:\/\/sopesca.pt\/fr\/wp-json\/wp\/v2\/media\/25229"}],"wp:attachment":[{"href":"https:\/\/sopesca.pt\/fr\/wp-json\/wp\/v2\/media?parent=103682"}],"wp:term":[{"taxonomy":"product_brand","embeddable":true,"href":"https:\/\/sopesca.pt\/fr\/wp-json\/wp\/v2\/product_brand?post=103682"},{"taxonomy":"product_cat","embeddable":true,"href":"https:\/\/sopesca.pt\/fr\/wp-json\/wp\/v2\/product_cat?post=103682"},{"taxonomy":"product_tag","embeddable":true,"href":"https:\/\/sopesca.pt\/fr\/wp-json\/wp\/v2\/product_tag?post=103682"}],"curies":[{"name":"wp","href":"https:\/\/api.w.org\/{rel}","templated":true}]}}