{"id":104253,"date":"2026-02-21T23:49:39","date_gmt":"2026-02-21T23:49:39","guid":{"rendered":"http:\/\/matchbaits.pt\/?post_type=product&#038;p=104253"},"modified":"2026-04-16T00:12:10","modified_gmt":"2026-04-16T00:12:10","slug":"power-tail","status":"publish","type":"product","link":"https:\/\/sopesca.pt\/fr\/produit\/power-tail\/","title":{"rendered":"Power Tail"},"content":{"rendered":"<h2>Fiiish\u00a0Power Tail<\/h2>\n<p>&nbsp;<\/p>\n<p><strong>Conceito PTC patenteado<\/strong><\/p>\n<p>A Power Tail Freshwater tem um mergulho exclusivo obtido por essa nova combina\u00e7\u00e3o corpo \/ nadadeira. 100% din\u00e2mico e constantemente em movimento, a barbatana faz o corpo oscilar e diminuir a velocidade. Na \u00e1gua, torna-se invis\u00edvel e d\u00e1 \u00e0 isca um mergulho realista que emite fortes vibra\u00e7\u00f5es, imitando um alevin em fuga. A isca nada ladeira abaixo, bem como sob tra\u00e7\u00e3o. Nunca uma isca de chumbo esteve t\u00e3o viva!<\/p>\n<p><strong>3 velocidades de recupera\u00e7\u00e3o<\/strong><\/p>\n<p>3 DENSIDADES: Resina, Zinco e Chumbo. Cada uma dessas densidades est\u00e1 dispon\u00edvel em tr\u00eas tamanhos. Por exemplo, o chumbo exigir\u00e1 numa velocidade de recupera\u00e7\u00e3o mais r\u00e1pida que o zinco ou a resina, para n\u00e3o afundar muito rapidamente. Os termos: LENTO (Resina), R\u00c1PIDO (Zinco) e X-R\u00c1PIDO (Chumbo) designam a velocidade com que a atra\u00e7\u00e3o deve nadar para ser eficaz.<\/p>\n<p><strong>Nova forma<\/strong><\/p>\n<p>A forma do Power Tail foi reformulada no seu novo tamanho de 64 mil\u00edmetros, a fim de otimizar sua mobilidade e torn\u00e1-la mais atraente perto de predadores.<\/p>","protected":false},"excerpt":{"rendered":"<p>Fiiish\u00a0Power Tail &nbsp; Conceito PTC patenteado A Power Tail Freshwater tem um mergulho exclusivo obtido por essa nova combina\u00e7\u00e3o corpo \/ nadadeira. 100% din\u00e2mico e constantemente em movimento, a barbatana faz o corpo oscilar e diminuir a velocidade. Na \u00e1gua, torna-se invis\u00edvel e d\u00e1 \u00e0 isca um mergulho realista que emite fortes vibra\u00e7\u00f5es, imitando um [&hellip;]<\/p>\n","protected":false},"featured_media":91925,"comment_status":"open","ping_status":"closed","template":"","meta":{"_acf_changed":false},"product_brand":[331],"product_cat":[2308,2313],"product_tag":[],"class_list":{"0":"post-104253","1":"product","2":"type-product","3":"status-publish","4":"has-post-thumbnail","6":"product_brand-fiiish","7":"product_cat-predadores","8":"product_cat-predadores-rigidas","10":"first","11":"outofstock","12":"shipping-taxable","13":"purchasable","14":"product-type-variable"},"acf":[],"_links":{"self":[{"href":"https:\/\/sopesca.pt\/fr\/wp-json\/wp\/v2\/product\/104253","targetHints":{"allow":["GET"]}}],"collection":[{"href":"https:\/\/sopesca.pt\/fr\/wp-json\/wp\/v2\/product"}],"about":[{"href":"https:\/\/sopesca.pt\/fr\/wp-json\/wp\/v2\/types\/product"}],"replies":[{"embeddable":true,"href":"https:\/\/sopesca.pt\/fr\/wp-json\/wp\/v2\/comments?post=104253"}],"wp:featuredmedia":[{"embeddable":true,"href":"https:\/\/sopesca.pt\/fr\/wp-json\/wp\/v2\/media\/91925"}],"wp:attachment":[{"href":"https:\/\/sopesca.pt\/fr\/wp-json\/wp\/v2\/media?parent=104253"}],"wp:term":[{"taxonomy":"product_brand","embeddable":true,"href":"https:\/\/sopesca.pt\/fr\/wp-json\/wp\/v2\/product_brand?post=104253"},{"taxonomy":"product_cat","embeddable":true,"href":"https:\/\/sopesca.pt\/fr\/wp-json\/wp\/v2\/product_cat?post=104253"},{"taxonomy":"product_tag","embeddable":true,"href":"https:\/\/sopesca.pt\/fr\/wp-json\/wp\/v2\/product_tag?post=104253"}],"curies":[{"name":"wp","href":"https:\/\/api.w.org\/{rel}","templated":true}]}}