{"id":104408,"date":"2026-02-21T23:50:15","date_gmt":"2026-02-21T23:50:15","guid":{"rendered":"http:\/\/matchbaits.pt\/?post_type=product&#038;p=104408"},"modified":"2026-04-22T15:03:34","modified_gmt":"2026-04-22T15:03:34","slug":"mf-speed","status":"publish","type":"product","link":"https:\/\/sopesca.pt\/fr\/produit\/mf-speed\/","title":{"rendered":"MF Speed"},"content":{"rendered":"<h2>MF Speed<\/h2>\n<p>&nbsp;<\/p>\n<p>Boia muito curtinha, com antena em fibra e quilha met\u00e1lica.<\/p>\n<p>Tal como o nome indica, \u00e9 uma boia desenvolvida e perfeita para pescas r\u00e1pidas. Perfeita para abletes, percas, g\u00f3bios&#8230;<\/p>","protected":false},"excerpt":{"rendered":"<p>MF Speed &nbsp; Boia muito curtinha, com antena em fibra e quilha met\u00e1lica. Tal como o nome indica, \u00e9 uma boia desenvolvida e perfeita para pescas r\u00e1pidas. Perfeita para abletes, percas, g\u00f3bios&#8230;<\/p>","protected":false},"featured_media":108612,"comment_status":"open","ping_status":"closed","template":"","meta":{"_acf_changed":false},"product_brand":[2814,704],"product_cat":[2267,2266],"product_tag":[],"class_list":{"0":"post-104408","1":"product","2":"type-product","3":"status-publish","4":"has-post-thumbnail","6":"product_brand-matchbaits","7":"product_brand-matchfloat","8":"product_cat-boias","9":"product_cat-boias-francesa","11":"first","12":"instock","13":"shipping-taxable","14":"purchasable","15":"product-type-variable"},"acf":[],"_links":{"self":[{"href":"https:\/\/sopesca.pt\/fr\/wp-json\/wp\/v2\/product\/104408","targetHints":{"allow":["GET"]}}],"collection":[{"href":"https:\/\/sopesca.pt\/fr\/wp-json\/wp\/v2\/product"}],"about":[{"href":"https:\/\/sopesca.pt\/fr\/wp-json\/wp\/v2\/types\/product"}],"replies":[{"embeddable":true,"href":"https:\/\/sopesca.pt\/fr\/wp-json\/wp\/v2\/comments?post=104408"}],"wp:featuredmedia":[{"embeddable":true,"href":"https:\/\/sopesca.pt\/fr\/wp-json\/wp\/v2\/media\/108612"}],"wp:attachment":[{"href":"https:\/\/sopesca.pt\/fr\/wp-json\/wp\/v2\/media?parent=104408"}],"wp:term":[{"taxonomy":"product_brand","embeddable":true,"href":"https:\/\/sopesca.pt\/fr\/wp-json\/wp\/v2\/product_brand?post=104408"},{"taxonomy":"product_cat","embeddable":true,"href":"https:\/\/sopesca.pt\/fr\/wp-json\/wp\/v2\/product_cat?post=104408"},{"taxonomy":"product_tag","embeddable":true,"href":"https:\/\/sopesca.pt\/fr\/wp-json\/wp\/v2\/product_tag?post=104408"}],"curies":[{"name":"wp","href":"https:\/\/api.w.org\/{rel}","templated":true}]}}