{"id":106015,"date":"2026-02-21T23:55:59","date_gmt":"2026-02-21T23:55:59","guid":{"rendered":"http:\/\/matchbaits.pt\/?post_type=product&#038;p=106015"},"modified":"2026-04-21T21:59:08","modified_gmt":"2026-04-21T21:59:08","slug":"matchbaits-lake","status":"publish","type":"product","link":"https:\/\/sopesca.pt\/fr\/produit\/matchbaits-lake\/","title":{"rendered":"MatchBaits &#8211; Lake"},"content":{"rendered":"<h2>Matchbaits Lake<\/h2>\n<p>&nbsp;<\/p>\n<p>Um engodo de mec\u00e2nica super r\u00e1pida indicado para misturar com outros engodos.<\/p>\n<p>Elaborado com farinhas de alt\u00edssima qualidade onde o p\u00e3o ralado tostado, coco belga, canhamo torrado e TTX fino est\u00e3o em forte abund\u00e2ncia.<\/p>\n<p>Aroma de baunilha.<\/p>","protected":false},"excerpt":{"rendered":"<p>Matchbaits Lake &nbsp; Um engodo de mec\u00e2nica super r\u00e1pida indicado para misturar com outros engodos. Elaborado com farinhas de alt\u00edssima qualidade onde o p\u00e3o ralado tostado, coco belga, canhamo torrado e TTX fino est\u00e3o em forte abund\u00e2ncia. Aroma de baunilha.<\/p>","protected":false},"featured_media":108445,"comment_status":"open","ping_status":"closed","template":"","meta":{"_acf_changed":false},"product_brand":[2814],"product_cat":[5494,5491],"product_tag":[],"class_list":{"0":"post-106015","1":"product","2":"type-product","3":"status-publish","4":"has-post-thumbnail","6":"product_brand-matchbaits","7":"product_cat-engodo-terra-aditivos-engodo","8":"product_cat-engodo-terra-aditivo","10":"first","11":"instock","12":"shipping-taxable","13":"purchasable","14":"product-type-variable"},"acf":[],"_links":{"self":[{"href":"https:\/\/sopesca.pt\/fr\/wp-json\/wp\/v2\/product\/106015","targetHints":{"allow":["GET"]}}],"collection":[{"href":"https:\/\/sopesca.pt\/fr\/wp-json\/wp\/v2\/product"}],"about":[{"href":"https:\/\/sopesca.pt\/fr\/wp-json\/wp\/v2\/types\/product"}],"replies":[{"embeddable":true,"href":"https:\/\/sopesca.pt\/fr\/wp-json\/wp\/v2\/comments?post=106015"}],"wp:featuredmedia":[{"embeddable":true,"href":"https:\/\/sopesca.pt\/fr\/wp-json\/wp\/v2\/media\/108445"}],"wp:attachment":[{"href":"https:\/\/sopesca.pt\/fr\/wp-json\/wp\/v2\/media?parent=106015"}],"wp:term":[{"taxonomy":"product_brand","embeddable":true,"href":"https:\/\/sopesca.pt\/fr\/wp-json\/wp\/v2\/product_brand?post=106015"},{"taxonomy":"product_cat","embeddable":true,"href":"https:\/\/sopesca.pt\/fr\/wp-json\/wp\/v2\/product_cat?post=106015"},{"taxonomy":"product_tag","embeddable":true,"href":"https:\/\/sopesca.pt\/fr\/wp-json\/wp\/v2\/product_tag?post=106015"}],"curies":[{"name":"wp","href":"https:\/\/api.w.org\/{rel}","templated":true}]}}