{"id":106254,"date":"2026-02-21T23:56:49","date_gmt":"2026-02-21T23:56:49","guid":{"rendered":"http:\/\/matchbaits.pt\/?post_type=product&#038;p=106254"},"modified":"2026-04-28T11:32:33","modified_gmt":"2026-04-28T11:32:33","slug":"halibut-pellets","status":"publish","type":"product","link":"https:\/\/sopesca.pt\/fr\/produit\/halibut-pellets\/","title":{"rendered":"Halibut Pellets"},"content":{"rendered":"<h2>Sonubaits Halibut Pellets<\/h2>\n<p>&nbsp;<\/p>\n<p>Os Halibut Pellets s\u00e3o uma excelente isca para todos os peixes, especialmente Barbos e Chubs.<\/p>\n<p>Feitos com farinha de peixe da mais alta qualidade e ricos em \u00f3leos de peixe, esses gr\u00e2nulos densos manter\u00e3o a sua forma, vazando sabor no seu mergulho por longos per\u00edodos de tempo.<\/p>\n<p>Esses pellets de alabote preto podem ser usados secos por meio de um feeder, uma maneira comum \u00e9 usar a vers\u00e3o de 4 mm por meio de um feeder de asticot que permite que o cheiro e um lento gotejamento de pellets saiam, lavando o hookbait a jusante.<\/p>\n<p>Eles tamb\u00e9m podem ser usados atrav\u00e9s de um feeder de malha ou feeder de rio simplesmente humedecendo-os com \u00e1gua. Coloque a quantidade necess\u00e1ria de pellets numa cuba e despeje um pouco de \u00e1gua, apenas o suficiente para cobrir o exterior do pellet e dar uma boa sacudida. Em seguida, aguarde 30 minutos para que a \u00e1gua seja absorvida pelos pellets, agitando-os a cada 5 minutos para garantir que a \u00e1gua seja distribu\u00edda uniformemente pelos pellets. Os pellets ir\u00e3o amolecer ligeiramente, permitindo que sejam espremidos num feeder de malha.<\/p>\n<p>A velocidade com que saem do feeder de malha pode ser alterada apertando-os com mais for\u00e7a para mant\u00ea-los no alimentador por mais tempo. Geralmente, no in\u00edcio de uma sess\u00e3o, quando voc\u00ea deseja criar uma cama de isca, apert\u00e1-los suavemente permitir\u00e1 que eles saiam do comedouro mais rapidamente, mas \u00e0 medida que a sess\u00e3o avan\u00e7a, voc\u00ea pode criar uma alimenta\u00e7\u00e3o mais competitiva diminuindo a velocidade em que eles saem do alimentador.<\/p>","protected":false},"excerpt":{"rendered":"<p>Sonubaits Halibut Pellets &nbsp; Os Halibut Pellets s\u00e3o uma excelente isca para todos os peixes, especialmente Barbos e Chubs. Feitos com farinha de peixe da mais alta qualidade e ricos em \u00f3leos de peixe, esses gr\u00e2nulos densos manter\u00e3o a sua forma, vazando sabor no seu mergulho por longos per\u00edodos de tempo. Esses pellets de alabote [&hellip;]<\/p>\n","protected":false},"featured_media":91273,"comment_status":"open","ping_status":"closed","template":"","meta":{"_acf_changed":false},"product_brand":[1504],"product_cat":[5491,5500],"product_tag":[],"class_list":{"0":"post-106254","1":"product","2":"type-product","3":"status-publish","4":"has-post-thumbnail","6":"product_brand-sonubaits","7":"product_cat-engodo-terra-aditivo","8":"product_cat-engodo-terra-aditivo-pellets","10":"first","11":"instock","12":"shipping-taxable","13":"purchasable","14":"product-type-variable"},"acf":[],"_links":{"self":[{"href":"https:\/\/sopesca.pt\/fr\/wp-json\/wp\/v2\/product\/106254","targetHints":{"allow":["GET"]}}],"collection":[{"href":"https:\/\/sopesca.pt\/fr\/wp-json\/wp\/v2\/product"}],"about":[{"href":"https:\/\/sopesca.pt\/fr\/wp-json\/wp\/v2\/types\/product"}],"replies":[{"embeddable":true,"href":"https:\/\/sopesca.pt\/fr\/wp-json\/wp\/v2\/comments?post=106254"}],"wp:featuredmedia":[{"embeddable":true,"href":"https:\/\/sopesca.pt\/fr\/wp-json\/wp\/v2\/media\/91273"}],"wp:attachment":[{"href":"https:\/\/sopesca.pt\/fr\/wp-json\/wp\/v2\/media?parent=106254"}],"wp:term":[{"taxonomy":"product_brand","embeddable":true,"href":"https:\/\/sopesca.pt\/fr\/wp-json\/wp\/v2\/product_brand?post=106254"},{"taxonomy":"product_cat","embeddable":true,"href":"https:\/\/sopesca.pt\/fr\/wp-json\/wp\/v2\/product_cat?post=106254"},{"taxonomy":"product_tag","embeddable":true,"href":"https:\/\/sopesca.pt\/fr\/wp-json\/wp\/v2\/product_tag?post=106254"}],"curies":[{"name":"wp","href":"https:\/\/api.w.org\/{rel}","templated":true}]}}