{"id":106528,"date":"2026-02-21T23:57:45","date_gmt":"2026-02-21T23:57:45","guid":{"rendered":"http:\/\/matchbaits.pt\/?post_type=product&#038;p=106528"},"modified":"2026-03-04T23:02:40","modified_gmt":"2026-03-04T23:02:40","slug":"sweetcorn-natural-yellow","status":"publish","type":"product","link":"https:\/\/sopesca.pt\/fr\/produit\/sweetcorn-natural-yellow\/","title":{"rendered":"Sweetcorn Natural Yellow"},"content":{"rendered":"<h2>Sweetcorn Natural Yellow<\/h2>\n<p>&nbsp;<\/p>\n<p>&#8211; Milho doce de alta qualidade<br \/>\n&#8211; Apanhador para todos os fins<br \/>\n&#8211; Especialmente para peixes grandes<br \/>\n&#8211; Extra doce<br \/>\n&#8211; Mant\u00e9m o peixe por mais tempo no local<\/p>\n<p>Este \u00e9 o milho doce de alta qualidade ou mais conhecido como um apanhador para todos os fins! No entanto, este \u00e9 espec\u00edfico para peixes grandes como carpas.<\/p>\n<p>Este milho \u00e9 extra ado\u00e7ado para atrair peixes grandes e principalmente para mant\u00ea-los no local por mais tempo!<\/p>","protected":false},"excerpt":{"rendered":"<p>Sweetcorn Natural Yellow &nbsp; &#8211; Milho doce de alta qualidade &#8211; Apanhador para todos os fins &#8211; Especialmente para peixes grandes &#8211; Extra doce &#8211; Mant\u00e9m o peixe por mais tempo no local Este \u00e9 o milho doce de alta qualidade ou mais conhecido como um apanhador para todos os fins! No entanto, este \u00e9 [&hellip;]<\/p>\n","protected":false},"featured_media":91196,"comment_status":"open","ping_status":"closed","template":"","meta":{"_acf_changed":false},"product_brand":[110],"product_cat":[2282,2284],"product_tag":[],"class_list":{"0":"post-106528","1":"product","2":"type-product","3":"status-publish","4":"has-post-thumbnail","6":"product_brand-sensas","7":"product_cat-iscos-colas","8":"product_cat-iscos-colas-milho-sementes","10":"first","11":"outofstock","12":"shipping-taxable","13":"purchasable","14":"product-type-variable"},"acf":[],"_links":{"self":[{"href":"https:\/\/sopesca.pt\/fr\/wp-json\/wp\/v2\/product\/106528","targetHints":{"allow":["GET"]}}],"collection":[{"href":"https:\/\/sopesca.pt\/fr\/wp-json\/wp\/v2\/product"}],"about":[{"href":"https:\/\/sopesca.pt\/fr\/wp-json\/wp\/v2\/types\/product"}],"replies":[{"embeddable":true,"href":"https:\/\/sopesca.pt\/fr\/wp-json\/wp\/v2\/comments?post=106528"}],"wp:featuredmedia":[{"embeddable":true,"href":"https:\/\/sopesca.pt\/fr\/wp-json\/wp\/v2\/media\/91196"}],"wp:attachment":[{"href":"https:\/\/sopesca.pt\/fr\/wp-json\/wp\/v2\/media?parent=106528"}],"wp:term":[{"taxonomy":"product_brand","embeddable":true,"href":"https:\/\/sopesca.pt\/fr\/wp-json\/wp\/v2\/product_brand?post=106528"},{"taxonomy":"product_cat","embeddable":true,"href":"https:\/\/sopesca.pt\/fr\/wp-json\/wp\/v2\/product_cat?post=106528"},{"taxonomy":"product_tag","embeddable":true,"href":"https:\/\/sopesca.pt\/fr\/wp-json\/wp\/v2\/product_tag?post=106528"}],"curies":[{"name":"wp","href":"https:\/\/api.w.org\/{rel}","templated":true}]}}