{"id":106973,"date":"2026-02-21T23:59:13","date_gmt":"2026-02-21T23:59:13","guid":{"rendered":"http:\/\/matchbaits.pt\/?post_type=product&#038;p=106973"},"modified":"2026-04-03T10:20:55","modified_gmt":"2026-04-03T10:20:55","slug":"ml-match-feeder","status":"publish","type":"product","link":"https:\/\/sopesca.pt\/fr\/produit\/ml-match-feeder\/","title":{"rendered":"ML Match &#038; Feeder"},"content":{"rendered":"<h2>Matchline Match &amp; Feeder<\/h2>\n<p>&nbsp;<\/p>\n<p>Fio afundante perfeito para a pesca \u00e0 inglesa e ao feeder. Altamente resistente \u00e0 abras\u00e3o e aos n\u00f3s.<\/p>\n<p>Desenvolvido e testado pela nossa equipa at\u00e9 ao limite.<\/p>\n<p>Produzido no Jap\u00e3o pela prestigiada f\u00e1brica Toray.<\/p>\n<p>Bobinas com 2000 metros.<\/p>","protected":false},"excerpt":{"rendered":"<p>Matchline Match &amp; Feeder &nbsp; Fio afundante perfeito para a pesca \u00e0 inglesa e ao feeder. Altamente resistente \u00e0 abras\u00e3o e aos n\u00f3s. Desenvolvido e testado pela nossa equipa at\u00e9 ao limite. Produzido no Jap\u00e3o pela prestigiada f\u00e1brica Toray. Bobinas com 2000 metros.<\/p>","protected":false},"featured_media":91078,"comment_status":"open","ping_status":"closed","template":"","meta":{"_acf_changed":false},"product_brand":[2814,1962],"product_cat":[2290,2365],"product_tag":[],"class_list":{"0":"post-106973","1":"product","2":"type-product","3":"status-publish","4":"has-post-thumbnail","6":"product_brand-matchbaits","7":"product_brand-matchline","8":"product_cat-fios-anzois","9":"product_cat-fios-anzois-linha-p-carreto","11":"first","12":"instock","13":"shipping-taxable","14":"purchasable","15":"product-type-variable"},"acf":[],"_links":{"self":[{"href":"https:\/\/sopesca.pt\/fr\/wp-json\/wp\/v2\/product\/106973","targetHints":{"allow":["GET"]}}],"collection":[{"href":"https:\/\/sopesca.pt\/fr\/wp-json\/wp\/v2\/product"}],"about":[{"href":"https:\/\/sopesca.pt\/fr\/wp-json\/wp\/v2\/types\/product"}],"replies":[{"embeddable":true,"href":"https:\/\/sopesca.pt\/fr\/wp-json\/wp\/v2\/comments?post=106973"}],"wp:featuredmedia":[{"embeddable":true,"href":"https:\/\/sopesca.pt\/fr\/wp-json\/wp\/v2\/media\/91078"}],"wp:attachment":[{"href":"https:\/\/sopesca.pt\/fr\/wp-json\/wp\/v2\/media?parent=106973"}],"wp:term":[{"taxonomy":"product_brand","embeddable":true,"href":"https:\/\/sopesca.pt\/fr\/wp-json\/wp\/v2\/product_brand?post=106973"},{"taxonomy":"product_cat","embeddable":true,"href":"https:\/\/sopesca.pt\/fr\/wp-json\/wp\/v2\/product_cat?post=106973"},{"taxonomy":"product_tag","embeddable":true,"href":"https:\/\/sopesca.pt\/fr\/wp-json\/wp\/v2\/product_tag?post=106973"}],"curies":[{"name":"wp","href":"https:\/\/api.w.org\/{rel}","templated":true}]}}