{"id":107304,"date":"2026-02-22T00:00:43","date_gmt":"2026-02-22T00:00:43","guid":{"rendered":"http:\/\/matchbaits.pt\/?post_type=product&#038;p=107304"},"modified":"2026-04-19T00:43:24","modified_gmt":"2026-04-19T00:43:24","slug":"absolute-liquid-flavour","status":"publish","type":"product","link":"https:\/\/sopesca.pt\/fr\/produit\/absolute-liquid-flavour\/","title":{"rendered":"Absolute Liquid Flavour"},"content":{"rendered":"<h2>Sonubaits Absolute Liquid Flavour<\/h2>\n<p>&nbsp;<\/p>\n<p>Aromas l\u00edquidos de alta qualidade perfeitos para melhorar a sua ra\u00e7\u00e3o e iscos de anzol, incluindo groundbait, pellets e iscos de anzol como expansores e Band&#8217;Ums. Sem adi\u00e7\u00e3o de corantes, os nossos Sabores L\u00edquidos Absolutos oferecem um sabor absoluto sem alterar outros atributos do seu isco. Fornecido num frasco pr\u00e1tico com tampa de esguicho de clique. Dispon\u00edvel em nove excelentes sabores, incluindo a NOVA vers\u00e3o Caramelo Salgado.<\/p>\n<p>&#8211; Adiciona um sabor extra ao misturar groundbait ou preparar pellets<br \/>\n&#8211; Altamente sol\u00favel em \u00e1gua<br \/>\n&#8211; Dispon\u00edvel em nove sabores \u00f3ptimos<\/p>","protected":false},"excerpt":{"rendered":"<p>Sonubaits Absolute Liquid Flavour &nbsp; Aromas l\u00edquidos de alta qualidade perfeitos para melhorar a sua ra\u00e7\u00e3o e iscos de anzol, incluindo groundbait, pellets e iscos de anzol como expansores e Band&#8217;Ums. Sem adi\u00e7\u00e3o de corantes, os nossos Sabores L\u00edquidos Absolutos oferecem um sabor absoluto sem alterar outros atributos do seu isco. Fornecido num frasco pr\u00e1tico [&hellip;]<\/p>\n","protected":false},"featured_media":90977,"comment_status":"open","ping_status":"closed","template":"","meta":{"_acf_changed":false},"product_brand":[1504],"product_cat":[5495,5491],"product_tag":[],"class_list":{"0":"post-107304","1":"product","2":"type-product","3":"status-publish","4":"has-post-thumbnail","6":"product_brand-sonubaits","7":"product_cat-engodo-terra-aditivo-aditivos","8":"product_cat-engodo-terra-aditivo","10":"first","11":"instock","12":"shipping-taxable","13":"purchasable","14":"product-type-variable"},"acf":[],"_links":{"self":[{"href":"https:\/\/sopesca.pt\/fr\/wp-json\/wp\/v2\/product\/107304","targetHints":{"allow":["GET"]}}],"collection":[{"href":"https:\/\/sopesca.pt\/fr\/wp-json\/wp\/v2\/product"}],"about":[{"href":"https:\/\/sopesca.pt\/fr\/wp-json\/wp\/v2\/types\/product"}],"replies":[{"embeddable":true,"href":"https:\/\/sopesca.pt\/fr\/wp-json\/wp\/v2\/comments?post=107304"}],"wp:featuredmedia":[{"embeddable":true,"href":"https:\/\/sopesca.pt\/fr\/wp-json\/wp\/v2\/media\/90977"}],"wp:attachment":[{"href":"https:\/\/sopesca.pt\/fr\/wp-json\/wp\/v2\/media?parent=107304"}],"wp:term":[{"taxonomy":"product_brand","embeddable":true,"href":"https:\/\/sopesca.pt\/fr\/wp-json\/wp\/v2\/product_brand?post=107304"},{"taxonomy":"product_cat","embeddable":true,"href":"https:\/\/sopesca.pt\/fr\/wp-json\/wp\/v2\/product_cat?post=107304"},{"taxonomy":"product_tag","embeddable":true,"href":"https:\/\/sopesca.pt\/fr\/wp-json\/wp\/v2\/product_tag?post=107304"}],"curies":[{"name":"wp","href":"https:\/\/api.w.org\/{rel}","templated":true}]}}