{"id":107629,"date":"2026-02-22T00:01:55","date_gmt":"2026-02-22T00:01:55","guid":{"rendered":"http:\/\/matchbaits.pt\/?post_type=product&#038;p=107629"},"modified":"2026-03-02T23:27:57","modified_gmt":"2026-03-02T23:27:57","slug":"top-feeder-amix-competitie","status":"publish","type":"product","link":"https:\/\/sopesca.pt\/fr\/produit\/top-feeder-amix-competitie\/","title":{"rendered":"Top Feeder Amix Competitie"},"content":{"rendered":"<h2>Top Feeder Amix Competitie<\/h2>\n<p>&nbsp;<\/p>\n<p><strong>TOP FEEDER AMIX COMPETITIE\u00ae TOP FEEDER<\/strong><\/p>\n<p>Swimbait fino, com elevada solubilidade e alto valor nutritivo, ideal para a pesca com method feeder ou swimming bow em competi\u00e7\u00e3o.<\/p>\n<p>A nossa f\u00f3rmula \u00e9 baseada na receita de nata\u00e7\u00e3o Method Red (mistura especial de pellets mo\u00eddos, Robin Red e farinha de peixe de alta qualidade, enriquecida com ingredientes selecionados da famosa mistura de boilies Planet1016), mas com uma elevada percentagem de farinha CPSP90 pr\u00e9-digerida, tratamento de amino\u00e1cidos da nata\u00e7\u00e3o e inclus\u00e3o de micro pellets de 1,5 mm.<\/p>\n<p>&nbsp;<\/p>\n<p><strong>MODO DE PREPARA\u00c7\u00c3O:<\/strong><\/p>\n<p>Para obter uma mec\u00e2nica perfeita, a mistura deve ser molhada por etapas, permitindo tempo suficiente para a hidrata\u00e7\u00e3o de todas as part\u00edculas.<\/p>\n<p>A prepara\u00e7\u00e3o da nade \u00e9 feita adicionando gradualmente a parte l\u00edquida. Ap\u00f3s o primeiro humedecimento, \u00e9 necess\u00e1rio um repouso de 10 minutos, seguido da verifica\u00e7\u00e3o da consist\u00eancia e da mec\u00e2nica da mistura, adicionando ou n\u00e3o \u00e1gua.<\/p>\n<p>Recomenda-se que a mistura resultante seja peneirada (com uma peneira de 2 mm) antes de ser utilizada.<\/p>\n<p>Aconselha-se a pescar em clips e voltar a pintar o nado no alimentador do m\u00e9todo em intervalos de 10-12 minutos.<\/p>\n<p>Excelente tamb\u00e9m para a pesca em \u00e1guas frias.<\/p>\n<p><strong>ATEN\u00c7\u00c3O!<\/strong> Quando se pesca com alimentador de m\u00e9todo, a mec\u00e2nica da nata\u00e7\u00e3o desempenha um papel extremamente importante.<\/p>","protected":false},"excerpt":{"rendered":"<p>Top Feeder Amix Competitie &nbsp; TOP FEEDER AMIX COMPETITIE\u00ae TOP FEEDER Swimbait fino, com elevada solubilidade e alto valor nutritivo, ideal para a pesca com method feeder ou swimming bow em competi\u00e7\u00e3o. A nossa f\u00f3rmula \u00e9 baseada na receita de nata\u00e7\u00e3o Method Red (mistura especial de pellets mo\u00eddos, Robin Red e farinha de peixe de [&hellip;]<\/p>\n","protected":false},"featured_media":90899,"comment_status":"open","ping_status":"closed","template":"","meta":{"_acf_changed":false},"product_brand":[2109],"product_cat":[5494,5491],"product_tag":[],"class_list":{"0":"post-107629","1":"product","2":"type-product","3":"status-publish","4":"has-post-thumbnail","6":"product_brand-senzor-planet","7":"product_cat-engodo-terra-aditivos-engodo","8":"product_cat-engodo-terra-aditivo","10":"first","11":"instock","12":"shipping-taxable","13":"purchasable","14":"product-type-variable"},"acf":[],"_links":{"self":[{"href":"https:\/\/sopesca.pt\/fr\/wp-json\/wp\/v2\/product\/107629","targetHints":{"allow":["GET"]}}],"collection":[{"href":"https:\/\/sopesca.pt\/fr\/wp-json\/wp\/v2\/product"}],"about":[{"href":"https:\/\/sopesca.pt\/fr\/wp-json\/wp\/v2\/types\/product"}],"replies":[{"embeddable":true,"href":"https:\/\/sopesca.pt\/fr\/wp-json\/wp\/v2\/comments?post=107629"}],"wp:featuredmedia":[{"embeddable":true,"href":"https:\/\/sopesca.pt\/fr\/wp-json\/wp\/v2\/media\/90899"}],"wp:attachment":[{"href":"https:\/\/sopesca.pt\/fr\/wp-json\/wp\/v2\/media?parent=107629"}],"wp:term":[{"taxonomy":"product_brand","embeddable":true,"href":"https:\/\/sopesca.pt\/fr\/wp-json\/wp\/v2\/product_brand?post=107629"},{"taxonomy":"product_cat","embeddable":true,"href":"https:\/\/sopesca.pt\/fr\/wp-json\/wp\/v2\/product_cat?post=107629"},{"taxonomy":"product_tag","embeddable":true,"href":"https:\/\/sopesca.pt\/fr\/wp-json\/wp\/v2\/product_tag?post=107629"}],"curies":[{"name":"wp","href":"https:\/\/api.w.org\/{rel}","templated":true}]}}