{"id":108137,"date":"2026-02-22T00:03:37","date_gmt":"2026-02-22T00:03:37","guid":{"rendered":"http:\/\/matchbaits.pt\/?post_type=product&#038;p=108137"},"modified":"2026-02-24T15:48:10","modified_gmt":"2026-02-24T15:48:10","slug":"magnitude-reels","status":"publish","type":"product","link":"https:\/\/sopesca.pt\/fr\/produit\/magnitude-reels\/","title":{"rendered":"Magnitude Reels"},"content":{"rendered":"<h2>Magnitude<\/h2>\n<p>&nbsp;<\/p>\n<p>A gama de carretos Magnitude foi desenvolvida para responder \u00e0s exig\u00eancias rigorosas da pesca moderna. Fabricados com materiais de qualidade excecionalmente elevada, s\u00e3o ideais para utiliza\u00e7\u00e3o em locais comerciais, rios e locais naturais, com linhas monofilamento ou tran\u00e7adas, com wagglers ou feeders.<\/p>\n<p>Esta gama de carretos incorpora um corpo extremamente compacto, mas com uma engrenagem potente em conjunto com uma bobina de grandes dimens\u00f5es. A oscila\u00e7\u00e3o super lenta do sistema de transmiss\u00e3o sem-fim permite uma incr\u00edvel pot\u00eancia de enrolamento para o tamanho do corpo, ao mesmo tempo que proporciona um enrolamento perfeito da linha e sem tor\u00e7\u00e3o. A rela\u00e7\u00e3o de transmiss\u00e3o de 5,0:1 \u00e9 o compromisso perfeito entre pot\u00eancia e recupera\u00e7\u00e3o r\u00e1pida, tornando o carreto perfeito para locais com elevada taxa de captura.<\/p>\n<p>A gama magnitude tamb\u00e9m apresenta um bra\u00e7o de alum\u00ednio de 3 mm, tornando-os extremamente robustos e dur\u00e1veis, tanto durante a pesca como no armazenamento.<\/p>\n<p>As bobinas s\u00e3o fabricadas em alum\u00ednio maquinado por CNC e apresentam um clipe de linha dupla como padr\u00e3o, o que torna a pesca em v\u00e1rios alcances f\u00e1cil.<\/p>\n<p>&nbsp;<\/p>\n<p><strong>Caracter\u00edsticas<\/strong><\/p>\n<ul>\n<li>Clipe de linha dupla<\/li>\n<li>Oscila\u00e7\u00e3o super lenta<\/li>\n<li>Corpo e tampa lateral em alum\u00ednio fundido usinado CNC<\/li>\n<li>Carretel totalmente usinado forjado em AI<\/li>\n<li>Sistema de trav\u00e3o do rotor<\/li>\n<li>Pega \u00fanica em borracha suave ao toque<\/li>\n<li>Bra\u00e7o de bail em alum\u00ednio de 3 mm<\/li>\n<li>Sistema anti-reverso<\/li>\n<li>Carretel sobressalente em alum\u00ednio inclu\u00eddo<\/li>\n<\/ul>","protected":false},"excerpt":{"rendered":"<p>Magnitude &nbsp; A gama de carretos Magnitude foi desenvolvida para responder \u00e0s exig\u00eancias rigorosas da pesca moderna. Fabricados com materiais de qualidade excecionalmente elevada, s\u00e3o ideais para utiliza\u00e7\u00e3o em locais comerciais, rios e locais naturais, com linhas monofilamento ou tran\u00e7adas, com wagglers ou feeders. Esta gama de carretos incorpora um corpo extremamente compacto, mas com [&hellip;]<\/p>\n","protected":false},"featured_media":90773,"comment_status":"open","ping_status":"closed","template":"","meta":{"_acf_changed":false},"product_brand":[153],"product_cat":[5488,2260],"product_tag":[],"class_list":{"0":"post-108137","1":"product","2":"type-product","3":"status-publish","4":"has-post-thumbnail","6":"product_brand-preston","7":"product_cat-carretos","8":"product_cat-carretos-feeder","10":"first","11":"instock","12":"shipping-taxable","13":"product-type-variable"},"acf":[],"_links":{"self":[{"href":"https:\/\/sopesca.pt\/fr\/wp-json\/wp\/v2\/product\/108137","targetHints":{"allow":["GET"]}}],"collection":[{"href":"https:\/\/sopesca.pt\/fr\/wp-json\/wp\/v2\/product"}],"about":[{"href":"https:\/\/sopesca.pt\/fr\/wp-json\/wp\/v2\/types\/product"}],"replies":[{"embeddable":true,"href":"https:\/\/sopesca.pt\/fr\/wp-json\/wp\/v2\/comments?post=108137"}],"wp:featuredmedia":[{"embeddable":true,"href":"https:\/\/sopesca.pt\/fr\/wp-json\/wp\/v2\/media\/90773"}],"wp:attachment":[{"href":"https:\/\/sopesca.pt\/fr\/wp-json\/wp\/v2\/media?parent=108137"}],"wp:term":[{"taxonomy":"product_brand","embeddable":true,"href":"https:\/\/sopesca.pt\/fr\/wp-json\/wp\/v2\/product_brand?post=108137"},{"taxonomy":"product_cat","embeddable":true,"href":"https:\/\/sopesca.pt\/fr\/wp-json\/wp\/v2\/product_cat?post=108137"},{"taxonomy":"product_tag","embeddable":true,"href":"https:\/\/sopesca.pt\/fr\/wp-json\/wp\/v2\/product_tag?post=108137"}],"curies":[{"name":"wp","href":"https:\/\/api.w.org\/{rel}","templated":true}]}}