{"id":108321,"date":"2026-02-22T00:58:09","date_gmt":"2026-02-22T00:58:09","guid":{"rendered":"http:\/\/matchbaits.pt\/?post_type=product&#038;p=108321"},"modified":"2026-02-24T15:47:50","modified_gmt":"2026-02-24T15:47:50","slug":"clip-with-magnet-for-nets-4-5kg","status":"publish","type":"product","link":"https:\/\/sopesca.pt\/fr\/produit\/clip-with-magnet-for-nets-4-5kg\/","title":{"rendered":"CLIP &#8211; With Magnet for Nets 4.5kg"},"content":{"rendered":"<h2>CLIP &#8211; With Magnet for Nets 4.5kg<\/h2>\n<p>&nbsp;<\/p>\n<p>Um clipe magn\u00e9tico de alta qualidade com uma pot\u00eancia de 4,5 kg garante uma fixa\u00e7\u00e3o segura da rede de pesca ou de outro acess\u00f3rio, mesmo ao atravessar arbustos densos a caminho do peixe da sua vida. O polo positivo \u00e9 vermelho e o polo negativo \u00e9 preto.<\/p>","protected":false},"excerpt":{"rendered":"<p>CLIP &#8211; With Magnet for Nets 4.5kg &nbsp; Um clipe magn\u00e9tico de alta qualidade com uma pot\u00eancia de 4,5 kg garante uma fixa\u00e7\u00e3o segura da rede de pesca ou de outro acess\u00f3rio, mesmo ao atravessar arbustos densos a caminho do peixe da sua vida. O polo positivo \u00e9 vermelho e o polo negativo \u00e9 preto.<\/p>","protected":false},"featured_media":108230,"comment_status":"open","ping_status":"closed","template":"","meta":{"_acf_changed":false},"product_brand":[1235],"product_cat":[2309,2308],"product_tag":[],"class_list":{"0":"post-108321","1":"product","2":"type-product","3":"status-publish","4":"has-post-thumbnail","6":"product_brand-mikado","7":"product_cat-predadores-acessorios","8":"product_cat-predadores","10":"first","11":"instock","12":"shipping-taxable","13":"product-type-variable"},"acf":[],"_links":{"self":[{"href":"https:\/\/sopesca.pt\/fr\/wp-json\/wp\/v2\/product\/108321","targetHints":{"allow":["GET"]}}],"collection":[{"href":"https:\/\/sopesca.pt\/fr\/wp-json\/wp\/v2\/product"}],"about":[{"href":"https:\/\/sopesca.pt\/fr\/wp-json\/wp\/v2\/types\/product"}],"replies":[{"embeddable":true,"href":"https:\/\/sopesca.pt\/fr\/wp-json\/wp\/v2\/comments?post=108321"}],"wp:featuredmedia":[{"embeddable":true,"href":"https:\/\/sopesca.pt\/fr\/wp-json\/wp\/v2\/media\/108230"}],"wp:attachment":[{"href":"https:\/\/sopesca.pt\/fr\/wp-json\/wp\/v2\/media?parent=108321"}],"wp:term":[{"taxonomy":"product_brand","embeddable":true,"href":"https:\/\/sopesca.pt\/fr\/wp-json\/wp\/v2\/product_brand?post=108321"},{"taxonomy":"product_cat","embeddable":true,"href":"https:\/\/sopesca.pt\/fr\/wp-json\/wp\/v2\/product_cat?post=108321"},{"taxonomy":"product_tag","embeddable":true,"href":"https:\/\/sopesca.pt\/fr\/wp-json\/wp\/v2\/product_tag?post=108321"}],"curies":[{"name":"wp","href":"https:\/\/api.w.org\/{rel}","templated":true}]}}