{"id":108839,"date":"2026-03-06T17:29:52","date_gmt":"2026-03-06T17:29:52","guid":{"rendered":"https:\/\/sopesca.pt\/?post_type=product&#038;p=108839"},"modified":"2026-03-06T17:34:52","modified_gmt":"2026-03-06T17:34:52","slug":"preston-innovations-fibreglass-flatback-50-brolly","status":"publish","type":"product","link":"https:\/\/sopesca.pt\/fr\/produit\/preston-innovations-fibreglass-flatback-50-brolly\/","title":{"rendered":"Preston Innovations Fibreglass Flatback 50\u00b4\u00b4 Brolly"},"content":{"rendered":"<h2>Fibreglass Flatback 50\u00b4\u00b4 Brolly<\/h2>\n<p>&nbsp;<\/p>\n<p>Guarda-chuva Preston Innovations Inception Fibreglass Flatback 50\u00b4\u00b4.<br \/>\nEste guarda-chuva vers\u00e1til possui costuras seladas \u00e0 prova d\u00b4\u00e1gua e estrutura leve de fibra de vidro para maior suporte e estabilidade.<br \/>\nCom 50 polegadas de tamanho, oferece ampla cobertura e pode ser inclinado usando a fun\u00e7\u00e3o flatback para proteg\u00ea-lo do vento.<\/p>","protected":false},"excerpt":{"rendered":"<p>Fibreglass Flatback 50\u00b4\u00b4 Brolly &nbsp; Guarda-chuva Preston Innovations Inception Fibreglass Flatback 50\u00b4\u00b4. Este guarda-chuva vers\u00e1til possui costuras seladas \u00e0 prova d\u00b4\u00e1gua e estrutura leve de fibra de vidro para maior suporte e estabilidade. Com 50 polegadas de tamanho, oferece ampla cobertura e pode ser inclinado usando a fun\u00e7\u00e3o flatback para proteg\u00ea-lo do vento.<\/p>","protected":false},"featured_media":108841,"comment_status":"open","ping_status":"closed","template":"","meta":{"_acf_changed":false},"product_brand":[153],"product_cat":[2319,5489],"product_tag":[],"class_list":{"0":"post-108839","1":"product","2":"type-product","3":"status-publish","4":"has-post-thumbnail","6":"product_brand-preston","7":"product_cat-redes-guarda-chuvas-guarda-chuva-sol","8":"product_cat-redes-guarda-chuvas","10":"first","11":"instock","12":"shipping-taxable","13":"purchasable","14":"product-type-simple"},"acf":[],"_links":{"self":[{"href":"https:\/\/sopesca.pt\/fr\/wp-json\/wp\/v2\/product\/108839","targetHints":{"allow":["GET"]}}],"collection":[{"href":"https:\/\/sopesca.pt\/fr\/wp-json\/wp\/v2\/product"}],"about":[{"href":"https:\/\/sopesca.pt\/fr\/wp-json\/wp\/v2\/types\/product"}],"replies":[{"embeddable":true,"href":"https:\/\/sopesca.pt\/fr\/wp-json\/wp\/v2\/comments?post=108839"}],"wp:featuredmedia":[{"embeddable":true,"href":"https:\/\/sopesca.pt\/fr\/wp-json\/wp\/v2\/media\/108841"}],"wp:attachment":[{"href":"https:\/\/sopesca.pt\/fr\/wp-json\/wp\/v2\/media?parent=108839"}],"wp:term":[{"taxonomy":"product_brand","embeddable":true,"href":"https:\/\/sopesca.pt\/fr\/wp-json\/wp\/v2\/product_brand?post=108839"},{"taxonomy":"product_cat","embeddable":true,"href":"https:\/\/sopesca.pt\/fr\/wp-json\/wp\/v2\/product_cat?post=108839"},{"taxonomy":"product_tag","embeddable":true,"href":"https:\/\/sopesca.pt\/fr\/wp-json\/wp\/v2\/product_tag?post=108839"}],"curies":[{"name":"wp","href":"https:\/\/api.w.org\/{rel}","templated":true}]}}