{"id":108863,"date":"2026-03-09T16:24:31","date_gmt":"2026-03-09T16:24:31","guid":{"rendered":"https:\/\/sopesca.pt\/?post_type=product&#038;p=108863"},"modified":"2026-03-09T16:37:20","modified_gmt":"2026-03-09T16:37:20","slug":"preston-innovations-ventalite-slimline-hoodie-side-tray","status":"publish","type":"product","link":"https:\/\/sopesca.pt\/fr\/produit\/preston-innovations-ventalite-slimline-hoodie-side-tray\/","title":{"rendered":"Preston Innovations &#8211; Ventalite Slimline Hoodie Side Tray"},"content":{"rendered":"<h2>Ventalite Slimline Hoodie Side Tray<\/h2>\n<p>&nbsp;<\/p>\n<p>Eleve a efici\u00eancia da sua pesca e proteja os iscos em todas as condi\u00e7\u00f5es com a bandeja lateral Preston Innovations Ventalite Slimline Hoodie. Projetada por especialistas para o pescador moderno que exige organiza\u00e7\u00e3o, estabilidade e prote\u00e7\u00e3o m\u00e1xima dos iscos, esta bandeja lateral \u00e9 uma adi\u00e7\u00e3o essencial ao panier.<\/p>","protected":false},"excerpt":{"rendered":"<p>Ventalite Slimline Hoodie Side Tray &nbsp; Eleve a efici\u00eancia da sua pesca e proteja os iscos em todas as condi\u00e7\u00f5es com a bandeja lateral Preston Innovations Ventalite Slimline Hoodie. Projetada por especialistas para o pescador moderno que exige organiza\u00e7\u00e3o, estabilidade e prote\u00e7\u00e3o m\u00e1xima dos iscos, esta bandeja lateral \u00e9 uma adi\u00e7\u00e3o essencial ao panier.<\/p>","protected":false},"featured_media":108865,"comment_status":"open","ping_status":"closed","template":"","meta":{"_acf_changed":false},"product_brand":[153],"product_cat":[2372,2300],"product_tag":[],"class_list":{"0":"post-108863","1":"product","2":"type-product","3":"status-publish","4":"has-post-thumbnail","6":"product_brand-preston","7":"product_cat-panier-acessorios-mesas-com-cobertura","8":"product_cat-panier-acessorios","10":"first","11":"instock","12":"shipping-taxable","13":"purchasable","14":"product-type-variable"},"acf":[],"_links":{"self":[{"href":"https:\/\/sopesca.pt\/fr\/wp-json\/wp\/v2\/product\/108863","targetHints":{"allow":["GET"]}}],"collection":[{"href":"https:\/\/sopesca.pt\/fr\/wp-json\/wp\/v2\/product"}],"about":[{"href":"https:\/\/sopesca.pt\/fr\/wp-json\/wp\/v2\/types\/product"}],"replies":[{"embeddable":true,"href":"https:\/\/sopesca.pt\/fr\/wp-json\/wp\/v2\/comments?post=108863"}],"wp:featuredmedia":[{"embeddable":true,"href":"https:\/\/sopesca.pt\/fr\/wp-json\/wp\/v2\/media\/108865"}],"wp:attachment":[{"href":"https:\/\/sopesca.pt\/fr\/wp-json\/wp\/v2\/media?parent=108863"}],"wp:term":[{"taxonomy":"product_brand","embeddable":true,"href":"https:\/\/sopesca.pt\/fr\/wp-json\/wp\/v2\/product_brand?post=108863"},{"taxonomy":"product_cat","embeddable":true,"href":"https:\/\/sopesca.pt\/fr\/wp-json\/wp\/v2\/product_cat?post=108863"},{"taxonomy":"product_tag","embeddable":true,"href":"https:\/\/sopesca.pt\/fr\/wp-json\/wp\/v2\/product_tag?post=108863"}],"curies":[{"name":"wp","href":"https:\/\/api.w.org\/{rel}","templated":true}]}}