{"id":108965,"date":"2026-03-11T16:56:36","date_gmt":"2026-03-11T16:56:36","guid":{"rendered":"https:\/\/sopesca.pt\/?post_type=product&#038;p=108965"},"modified":"2026-04-07T09:13:10","modified_gmt":"2026-04-07T09:13:10","slug":"ventalite-side-tray-qr-adaptor","status":"publish","type":"product","link":"https:\/\/sopesca.pt\/fr\/produit\/ventalite-side-tray-qr-adaptor\/","title":{"rendered":"VENTALITE SIDE TRAY QR ADAPTOR"},"content":{"rendered":"<h2>VENTALITE SIDE TRAY QR ADAPTOR<\/h2>\n<p>&nbsp;<\/p>\n<ul>\n<li>Concebido para utiliza\u00e7\u00e3o com os mais recentes tabuleiros laterais Ventalite, o Adaptador QR fixa-se facilmente \u00e0 extremidade exterior do tabuleiro, permitindo aos pescadores montar uma vasta gama de acess\u00f3rios com facilidade e precis\u00e3o. Equipado com o robusto sistema Snap Lok, garante uma fixa\u00e7\u00e3o r\u00e1pida, segura e sem complica\u00e7\u00f5es em todas as utiliza\u00e7\u00f5es.<\/li>\n<\/ul>","protected":false},"excerpt":{"rendered":"<p>VENTALITE SIDE TRAY QR ADAPTOR &nbsp; Concebido para utiliza\u00e7\u00e3o com os mais recentes tabuleiros laterais Ventalite, o Adaptador QR fixa-se facilmente \u00e0 extremidade exterior do tabuleiro, permitindo aos pescadores montar uma vasta gama de acess\u00f3rios com facilidade e precis\u00e3o. Equipado com o robusto sistema Snap Lok, garante uma fixa\u00e7\u00e3o r\u00e1pida, segura e sem complica\u00e7\u00f5es em [&hellip;]<\/p>\n","protected":false},"featured_media":108969,"comment_status":"open","ping_status":"closed","template":"","meta":{"_acf_changed":false},"product_brand":[153],"product_cat":[2367,2300],"product_tag":[],"class_list":{"0":"post-108965","1":"product","2":"type-product","3":"status-publish","4":"has-post-thumbnail","6":"product_brand-preston","7":"product_cat-panier-acessorios-acessorios","8":"product_cat-panier-acessorios","10":"first","11":"outofstock","12":"shipping-taxable","13":"purchasable","14":"product-type-variable"},"acf":[],"_links":{"self":[{"href":"https:\/\/sopesca.pt\/fr\/wp-json\/wp\/v2\/product\/108965","targetHints":{"allow":["GET"]}}],"collection":[{"href":"https:\/\/sopesca.pt\/fr\/wp-json\/wp\/v2\/product"}],"about":[{"href":"https:\/\/sopesca.pt\/fr\/wp-json\/wp\/v2\/types\/product"}],"replies":[{"embeddable":true,"href":"https:\/\/sopesca.pt\/fr\/wp-json\/wp\/v2\/comments?post=108965"}],"wp:featuredmedia":[{"embeddable":true,"href":"https:\/\/sopesca.pt\/fr\/wp-json\/wp\/v2\/media\/108969"}],"wp:attachment":[{"href":"https:\/\/sopesca.pt\/fr\/wp-json\/wp\/v2\/media?parent=108965"}],"wp:term":[{"taxonomy":"product_brand","embeddable":true,"href":"https:\/\/sopesca.pt\/fr\/wp-json\/wp\/v2\/product_brand?post=108965"},{"taxonomy":"product_cat","embeddable":true,"href":"https:\/\/sopesca.pt\/fr\/wp-json\/wp\/v2\/product_cat?post=108965"},{"taxonomy":"product_tag","embeddable":true,"href":"https:\/\/sopesca.pt\/fr\/wp-json\/wp\/v2\/product_tag?post=108965"}],"curies":[{"name":"wp","href":"https:\/\/api.w.org\/{rel}","templated":true}]}}