{"id":108995,"date":"2026-03-11T17:19:59","date_gmt":"2026-03-11T17:19:59","guid":{"rendered":"https:\/\/sopesca.pt\/?post_type=product&#038;p=108995"},"modified":"2026-03-11T17:21:25","modified_gmt":"2026-03-11T17:21:25","slug":"rig-hook-ups-2","status":"publish","type":"product","link":"https:\/\/sopesca.pt\/fr\/produit\/rig-hook-ups-2\/","title":{"rendered":"Rig Hook Ups"},"content":{"rendered":"<h2>Rig Hook Ups<\/h2>\n<p>&nbsp;<\/p>\n<p data-start=\"0\" data-end=\"281\">Os Matrix Rig Hook Ups s\u00e3o acess\u00f3rios inteligentes e vers\u00e1teis que ajudam a manter os seus estralhos e el\u00e1sticos organizados e seguros, tanto durante a pesca como no transporte. Cada embalagem cont\u00e9m 4 unidades pequenas e 4 grandes, adequadas para top kits de diferentes di\u00e2metros.<\/p>\n<p data-start=\"283\" data-end=\"593\">Os suportes para anzol s\u00e3o fabricados em borracha resistente e foram concebidos para fixar facilmente os estralhos ao top kit quando este est\u00e1 apoiado no suporte. Isto evita que os estralhos se embaracem ou que o el\u00e1stico fique exposto aos raios UV prejudiciais, prolongando significativamente a sua vida \u00fatil.<\/p>\n<p data-start=\"595\" data-end=\"836\">Com o pr\u00e1tico sistema loop hook up, pode at\u00e9 montar os estralhos na cana antes de o anzol ser preso, algo ideal durante a prepara\u00e7\u00e3o ou em contexto de competi\u00e7\u00e3o. A discreta cor cinzenta adapta-se a qualquer equipamento sem chamar a aten\u00e7\u00e3o.<\/p>\n<p data-start=\"838\" data-end=\"869\"><strong data-start=\"838\" data-end=\"869\">Principais caracter\u00edsticas:<\/strong><\/p>\n<ul>\n<li style=\"list-style-type: none;\">\n<ul data-start=\"871\" data-end=\"1198\" data-is-only-node=\"\">\n<li data-section-id=\"g8lzs5\" data-start=\"871\" data-end=\"922\">\n<p data-start=\"873\" data-end=\"922\">4 unidades Small + 4 unidades Large por embalagem<\/p>\n<\/li>\n<li data-section-id=\"wlix3z\" data-start=\"923\" data-end=\"968\">\n<p data-start=\"925\" data-end=\"968\">Adequado para top kits de qualquer di\u00e2metro<\/p>\n<\/li>\n<li data-section-id=\"12iyk1s\" data-start=\"969\" data-end=\"1013\">\n<p data-start=\"971\" data-end=\"1013\">Fixa os estralhos de forma segura e r\u00e1pida<\/p>\n<\/li>\n<li data-section-id=\"1hhpg91\" data-start=\"1014\" data-end=\"1058\">\n<p data-start=\"1016\" data-end=\"1058\">Protege o el\u00e1stico da luz solar e de danos<\/p>\n<\/li>\n<li data-section-id=\"w6n27q\" data-start=\"1059\" data-end=\"1119\">\n<p data-start=\"1061\" data-end=\"1119\">Ideal para transporte, arruma\u00e7\u00e3o e utiliza\u00e7\u00e3o junto \u00e0 \u00e1gua<\/p>\n<\/li>\n<li data-section-id=\"1uaqxy9\" data-start=\"1120\" data-end=\"1165\">\n<p data-start=\"1122\" data-end=\"1165\">Fabricado em borracha flex\u00edvel e resistente<\/p>\n<\/li>\n<li data-section-id=\"15aoib9\" data-start=\"1166\" data-end=\"1198\">\n<p data-start=\"1168\" data-end=\"1198\">Cor cinzenta neutra e discreta<\/p>\n<\/li>\n<\/ul>\n<\/li>\n<\/ul>","protected":false},"excerpt":{"rendered":"<p>Rig Hook Ups &nbsp; Os Matrix Rig Hook Ups s\u00e3o acess\u00f3rios inteligentes e vers\u00e1teis que ajudam a manter os seus estralhos e el\u00e1sticos organizados e seguros, tanto durante a pesca como no transporte. Cada embalagem cont\u00e9m 4 unidades pequenas e 4 grandes, adequadas para top kits de diferentes di\u00e2metros. Os suportes para anzol s\u00e3o fabricados [&hellip;]<\/p>\n","protected":false},"featured_media":108997,"comment_status":"open","ping_status":"closed","template":"","meta":{"_acf_changed":false},"product_brand":[579],"product_cat":[2366,2355],"product_tag":[],"class_list":{"0":"post-108995","1":"product","2":"type-product","3":"status-publish","4":"has-post-thumbnail","6":"product_brand-matrix","7":"product_cat-acessorios","8":"product_cat-acessorios-encaixe-terminal","10":"first","11":"instock","12":"shipping-taxable","13":"purchasable","14":"product-type-variable"},"acf":[],"_links":{"self":[{"href":"https:\/\/sopesca.pt\/fr\/wp-json\/wp\/v2\/product\/108995","targetHints":{"allow":["GET"]}}],"collection":[{"href":"https:\/\/sopesca.pt\/fr\/wp-json\/wp\/v2\/product"}],"about":[{"href":"https:\/\/sopesca.pt\/fr\/wp-json\/wp\/v2\/types\/product"}],"replies":[{"embeddable":true,"href":"https:\/\/sopesca.pt\/fr\/wp-json\/wp\/v2\/comments?post=108995"}],"wp:featuredmedia":[{"embeddable":true,"href":"https:\/\/sopesca.pt\/fr\/wp-json\/wp\/v2\/media\/108997"}],"wp:attachment":[{"href":"https:\/\/sopesca.pt\/fr\/wp-json\/wp\/v2\/media?parent=108995"}],"wp:term":[{"taxonomy":"product_brand","embeddable":true,"href":"https:\/\/sopesca.pt\/fr\/wp-json\/wp\/v2\/product_brand?post=108995"},{"taxonomy":"product_cat","embeddable":true,"href":"https:\/\/sopesca.pt\/fr\/wp-json\/wp\/v2\/product_cat?post=108995"},{"taxonomy":"product_tag","embeddable":true,"href":"https:\/\/sopesca.pt\/fr\/wp-json\/wp\/v2\/product_tag?post=108995"}],"curies":[{"name":"wp","href":"https:\/\/api.w.org\/{rel}","templated":true}]}}