{"id":109366,"date":"2026-04-02T18:15:44","date_gmt":"2026-04-02T18:15:44","guid":{"rendered":"https:\/\/sopesca.pt\/?post_type=product&#038;p=109366"},"modified":"2026-04-02T18:17:36","modified_gmt":"2026-04-02T18:17:36","slug":"absolute-pole-roller-xl","status":"publish","type":"product","link":"https:\/\/sopesca.pt\/fr\/produit\/absolute-pole-roller-xl\/","title":{"rendered":"Absolute Pole Roller XL"},"content":{"rendered":"<h2>Absolute Pole Roller XL<\/h2>\n<p>&nbsp;<\/p>\n<p>O culminar de mais de dois anos de desenvolvimento, o Absolute Pole Roller \u00e9 o rolo mais est\u00e1vel do mercado e pode ser totalmente ajustado para se adaptar a todas as condi\u00e7\u00f5es.<\/p>\n<p>Com quatro pernas de extens\u00e3o dupla, todas elas totalmente ajust\u00e1veis, enfrentar terrenos irregulares ou \u00edngremes \u00e9 simples e f\u00e1cil. Cada perna tem o seu pr\u00f3prio volante de bloqueio, o que garante que n\u00e3o h\u00e1 praticamente nenhum movimento lateral, um problema comum em alguns rolos, e significa que o rolo \u00e9 incrivelmente est\u00e1vel, mesmo quando estendido at\u00e9 \u00e0 altura m\u00e1xima e para al\u00e9m dela com extensores de pernas. Existem duas defini\u00e7\u00f5es de \u00e2ngulo que podem ser facilmente localizadas, permitindo ao utilizador ajustar cada perna aos contornos do banco.<\/p>\n<p>O rolo vertical central pode ser removido em segundos para transformar o Absolute Roller num \u00fanico rolo grande, se assim o desejar, para lhe dar a m\u00e1xima versatilidade, enquanto os rolos verticais exteriores tamb\u00e9m podem ser inclinados para dentro, perfeitos para condi\u00e7\u00f5es de vento. Todos os rolos verticais apresentam um bot\u00e3o de press\u00e3o robusto, pelo que podem ser ajustados r\u00e1pida e facilmente.<\/p>\n<p>A vers\u00e3o XL inclui todas as principais caracter\u00edsticas do Absolute Roller standard, oferecendo ao mesmo tempo uma base muito maior para transportar o seu vara.<\/p>\n<p><strong data-start=\"299\" data-end=\"312\">Dimens\u00f5es<\/strong><br data-start=\"312\" data-end=\"315\" \/>Largura \u2013 112 cm<br data-start=\"331\" data-end=\"334\" \/>Altura m\u00ednima \u2013 58 cm<br data-start=\"355\" data-end=\"358\" \/>Altura m\u00e1xima \u2013 149 cm<br data-start=\"380\" data-end=\"383\" \/>Peso \u2013 4,2 kg<\/p>","protected":false},"excerpt":{"rendered":"<p>Absolute Pole Roller XL &nbsp; O culminar de mais de dois anos de desenvolvimento, o Absolute Pole Roller \u00e9 o rolo mais est\u00e1vel do mercado e pode ser totalmente ajustado para se adaptar a todas as condi\u00e7\u00f5es. Com quatro pernas de extens\u00e3o dupla, todas elas totalmente ajust\u00e1veis, enfrentar terrenos irregulares ou \u00edngremes \u00e9 simples e [&hellip;]<\/p>\n","protected":false},"featured_media":109372,"comment_status":"open","ping_status":"closed","template":"","meta":{"_acf_changed":false},"product_brand":[153],"product_cat":[2276,2323],"product_tag":[],"class_list":{"0":"post-109366","1":"product","2":"type-product","3":"status-publish","4":"has-post-thumbnail","6":"product_brand-preston","7":"product_cat-canas-acessorios","8":"product_cat-canas-acessorios-rolos","10":"first","11":"instock","12":"shipping-taxable","13":"purchasable","14":"product-type-variable"},"acf":[],"_links":{"self":[{"href":"https:\/\/sopesca.pt\/fr\/wp-json\/wp\/v2\/product\/109366","targetHints":{"allow":["GET"]}}],"collection":[{"href":"https:\/\/sopesca.pt\/fr\/wp-json\/wp\/v2\/product"}],"about":[{"href":"https:\/\/sopesca.pt\/fr\/wp-json\/wp\/v2\/types\/product"}],"replies":[{"embeddable":true,"href":"https:\/\/sopesca.pt\/fr\/wp-json\/wp\/v2\/comments?post=109366"}],"wp:featuredmedia":[{"embeddable":true,"href":"https:\/\/sopesca.pt\/fr\/wp-json\/wp\/v2\/media\/109372"}],"wp:attachment":[{"href":"https:\/\/sopesca.pt\/fr\/wp-json\/wp\/v2\/media?parent=109366"}],"wp:term":[{"taxonomy":"product_brand","embeddable":true,"href":"https:\/\/sopesca.pt\/fr\/wp-json\/wp\/v2\/product_brand?post=109366"},{"taxonomy":"product_cat","embeddable":true,"href":"https:\/\/sopesca.pt\/fr\/wp-json\/wp\/v2\/product_cat?post=109366"},{"taxonomy":"product_tag","embeddable":true,"href":"https:\/\/sopesca.pt\/fr\/wp-json\/wp\/v2\/product_tag?post=109366"}],"curies":[{"name":"wp","href":"https:\/\/api.w.org\/{rel}","templated":true}]}}