{"id":109525,"date":"2026-04-14T17:18:40","date_gmt":"2026-04-14T17:18:40","guid":{"rendered":"https:\/\/sopesca.pt\/?post_type=product&#038;p=109525"},"modified":"2026-04-14T17:29:37","modified_gmt":"2026-04-14T17:29:37","slug":"fishus-wobly-pdl","status":"publish","type":"product","link":"https:\/\/sopesca.pt\/fr\/produit\/fishus-wobly-pdl\/","title":{"rendered":"Fishus &#8211; Wobly PDL"},"content":{"rendered":"<h2>Fishus &#8211; Wobly PDL<\/h2>\n<p>A nova arma com cauda em forma de remo para fisgar o seu pr\u00f3ximo recorde pessoal! Uma isca de nata\u00e7\u00e3o macia para, \u00a0l\u00facio, perca, robalo, zander, o que for! Prepare-se para uma a\u00e7\u00e3o oscilante e rolante incr\u00edvel que vai enlouquecer os peixes mesmo em recolhimentos lentos e constantes. Perfeita para montar em uma cabe\u00e7a de jig comum, como trailer de chatterbait\/spinnerbait ou com cabe\u00e7a de parafuso e anzol auxiliar para os tamanhos maiores. F\u00f3rmula especial de borracha muito dur\u00e1vel, por\u00e9m macia, com ess\u00eancia natural.<\/p>","protected":false},"excerpt":{"rendered":"<p>Fishus &#8211; Wobly PDL A nova arma com cauda em forma de remo para fisgar o seu pr\u00f3ximo recorde pessoal! Uma isca de nata\u00e7\u00e3o macia para, \u00a0l\u00facio, perca, robalo, zander, o que for! Prepare-se para uma a\u00e7\u00e3o oscilante e rolante incr\u00edvel que vai enlouquecer os peixes mesmo em recolhimentos lentos e constantes. Perfeita para montar [&hellip;]<\/p>\n","protected":false},"featured_media":109540,"comment_status":"open","ping_status":"closed","template":"","meta":{"_acf_changed":false},"product_brand":[9021],"product_cat":[2308,2310],"product_tag":[],"class_list":{"0":"post-109525","1":"product","2":"type-product","3":"status-publish","4":"has-post-thumbnail","6":"product_brand-fishus","7":"product_cat-predadores","8":"product_cat-predadores-vinis","10":"first","11":"instock","12":"shipping-taxable","13":"purchasable","14":"product-type-variable"},"acf":[],"_links":{"self":[{"href":"https:\/\/sopesca.pt\/fr\/wp-json\/wp\/v2\/product\/109525","targetHints":{"allow":["GET"]}}],"collection":[{"href":"https:\/\/sopesca.pt\/fr\/wp-json\/wp\/v2\/product"}],"about":[{"href":"https:\/\/sopesca.pt\/fr\/wp-json\/wp\/v2\/types\/product"}],"replies":[{"embeddable":true,"href":"https:\/\/sopesca.pt\/fr\/wp-json\/wp\/v2\/comments?post=109525"}],"wp:featuredmedia":[{"embeddable":true,"href":"https:\/\/sopesca.pt\/fr\/wp-json\/wp\/v2\/media\/109540"}],"wp:attachment":[{"href":"https:\/\/sopesca.pt\/fr\/wp-json\/wp\/v2\/media?parent=109525"}],"wp:term":[{"taxonomy":"product_brand","embeddable":true,"href":"https:\/\/sopesca.pt\/fr\/wp-json\/wp\/v2\/product_brand?post=109525"},{"taxonomy":"product_cat","embeddable":true,"href":"https:\/\/sopesca.pt\/fr\/wp-json\/wp\/v2\/product_cat?post=109525"},{"taxonomy":"product_tag","embeddable":true,"href":"https:\/\/sopesca.pt\/fr\/wp-json\/wp\/v2\/product_tag?post=109525"}],"curies":[{"name":"wp","href":"https:\/\/api.w.org\/{rel}","templated":true}]}}