{"id":109591,"date":"2026-04-16T22:41:12","date_gmt":"2026-04-16T22:41:12","guid":{"rendered":"https:\/\/sopesca.pt\/?post_type=product&#038;p=109591"},"modified":"2026-04-16T22:44:31","modified_gmt":"2026-04-16T22:44:31","slug":"fishus-revolution-t-shirt","status":"publish","type":"product","link":"https:\/\/sopesca.pt\/fr\/produit\/fishus-revolution-t-shirt\/","title":{"rendered":"FISHUS REVOLUTION T-SHIRT"},"content":{"rendered":"<h2>FISHUS REVOLUTION T-SHIRT<\/h2>\n<p data-start=\"116\" data-end=\"188\">T-shirt respir\u00e1vel de manga curta para sess\u00f5es de pesca em clima quente.<\/p>\n<p data-start=\"190\" data-end=\"274\">Tecido de secagem r\u00e1pida, muito leve e que afasta o suor, mantendo-te sempre fresco.<\/p>\n<p data-start=\"276\" data-end=\"376\">Com um estilo moderno e elegante, facilmente combin\u00e1vel com qualquer pe\u00e7a, adapta-se n\u00e3o s\u00f3 \u00e0 pesca.<\/p>","protected":false},"excerpt":{"rendered":"<p>FISHUS REVOLUTION T-SHIRT T-shirt respir\u00e1vel de manga curta para sess\u00f5es de pesca em clima quente. Tecido de secagem r\u00e1pida, muito leve e que afasta o suor, mantendo-te sempre fresco. Com um estilo moderno e elegante, facilmente combin\u00e1vel com qualquer pe\u00e7a, adapta-se n\u00e3o s\u00f3 \u00e0 pesca.<\/p>","protected":false},"featured_media":109593,"comment_status":"open","ping_status":"closed","template":"","meta":{"_acf_changed":false},"product_brand":[9021],"product_cat":[2378,5496],"product_tag":[],"class_list":{"0":"post-109591","1":"product","2":"type-product","3":"status-publish","4":"has-post-thumbnail","6":"product_brand-fishus","7":"product_cat-roupa-botas","8":"product_cat-roupa-botas-t-shirts-polo-shirts","10":"first","11":"instock","12":"shipping-taxable","13":"purchasable","14":"product-type-variable"},"acf":[],"_links":{"self":[{"href":"https:\/\/sopesca.pt\/fr\/wp-json\/wp\/v2\/product\/109591","targetHints":{"allow":["GET"]}}],"collection":[{"href":"https:\/\/sopesca.pt\/fr\/wp-json\/wp\/v2\/product"}],"about":[{"href":"https:\/\/sopesca.pt\/fr\/wp-json\/wp\/v2\/types\/product"}],"replies":[{"embeddable":true,"href":"https:\/\/sopesca.pt\/fr\/wp-json\/wp\/v2\/comments?post=109591"}],"wp:featuredmedia":[{"embeddable":true,"href":"https:\/\/sopesca.pt\/fr\/wp-json\/wp\/v2\/media\/109593"}],"wp:attachment":[{"href":"https:\/\/sopesca.pt\/fr\/wp-json\/wp\/v2\/media?parent=109591"}],"wp:term":[{"taxonomy":"product_brand","embeddable":true,"href":"https:\/\/sopesca.pt\/fr\/wp-json\/wp\/v2\/product_brand?post=109591"},{"taxonomy":"product_cat","embeddable":true,"href":"https:\/\/sopesca.pt\/fr\/wp-json\/wp\/v2\/product_cat?post=109591"},{"taxonomy":"product_tag","embeddable":true,"href":"https:\/\/sopesca.pt\/fr\/wp-json\/wp\/v2\/product_tag?post=109591"}],"curies":[{"name":"wp","href":"https:\/\/api.w.org\/{rel}","templated":true}]}}