{"id":109633,"date":"2026-04-20T09:59:07","date_gmt":"2026-04-20T09:59:07","guid":{"rendered":"https:\/\/sopesca.pt\/?post_type=product&#038;p=109633"},"modified":"2026-04-20T09:59:16","modified_gmt":"2026-04-20T09:59:16","slug":"b520-2","status":"publish","type":"product","link":"https:\/\/sopesca.pt\/fr\/produit\/b520-2\/","title":{"rendered":"B520."},"content":{"rendered":"<p>Kamasan B520 Whisker Barb Hooks<\/p>\n<p>O B520 Whisker Barb \u00e9 um anzol ideal para todos os tipos de pesca grossa. Cada carteira tr\u00e1s dez anz\u00f3is justificando o seu valor. Estes anz\u00f3is de pesca s\u00e3o usadas por muitos dos pescadores topo no Reino Unido.<\/p>","protected":false},"excerpt":{"rendered":"<p>Kamasan B520 Whisker Barb Hooks O B520 Whisker Barb \u00e9 um anzol ideal para todos os tipos de pesca grossa. Cada carteira tr\u00e1s dez anz\u00f3is justificando o seu valor. Estes anz\u00f3is de pesca s\u00e3o usadas por muitos dos pescadores topo no Reino Unido.<\/p>","protected":false},"featured_media":25355,"comment_status":"open","ping_status":"closed","template":"","meta":{"_acf_changed":false},"product_brand":[114],"product_cat":[2289,2290],"product_tag":[],"class_list":{"0":"post-109633","1":"product","2":"type-product","3":"status-publish","4":"has-post-thumbnail","6":"product_brand-kamasan","7":"product_cat-fios-anzois-anzois-p-rio","8":"product_cat-fios-anzois","10":"first","11":"instock","12":"shipping-taxable","13":"purchasable","14":"product-type-variable"},"acf":[],"_links":{"self":[{"href":"https:\/\/sopesca.pt\/fr\/wp-json\/wp\/v2\/product\/109633","targetHints":{"allow":["GET"]}}],"collection":[{"href":"https:\/\/sopesca.pt\/fr\/wp-json\/wp\/v2\/product"}],"about":[{"href":"https:\/\/sopesca.pt\/fr\/wp-json\/wp\/v2\/types\/product"}],"replies":[{"embeddable":true,"href":"https:\/\/sopesca.pt\/fr\/wp-json\/wp\/v2\/comments?post=109633"}],"wp:featuredmedia":[{"embeddable":true,"href":"https:\/\/sopesca.pt\/fr\/wp-json\/wp\/v2\/media\/25355"}],"wp:attachment":[{"href":"https:\/\/sopesca.pt\/fr\/wp-json\/wp\/v2\/media?parent=109633"}],"wp:term":[{"taxonomy":"product_brand","embeddable":true,"href":"https:\/\/sopesca.pt\/fr\/wp-json\/wp\/v2\/product_brand?post=109633"},{"taxonomy":"product_cat","embeddable":true,"href":"https:\/\/sopesca.pt\/fr\/wp-json\/wp\/v2\/product_cat?post=109633"},{"taxonomy":"product_tag","embeddable":true,"href":"https:\/\/sopesca.pt\/fr\/wp-json\/wp\/v2\/product_tag?post=109633"}],"curies":[{"name":"wp","href":"https:\/\/api.w.org\/{rel}","templated":true}]}}